{"id":5,"date":"2018-11-27T09:17:08","date_gmt":"2018-11-27T09:17:08","guid":{"rendered":"https:\/\/inovat-consulting.com\/about\/"},"modified":"2024-03-13T14:21:49","modified_gmt":"2024-03-13T14:21:49","slug":"about","status":"publish","type":"page","link":"https:\/\/inovat-consulting.com\/pt\/about\/","title":{"rendered":"Sobre"},"content":{"rendered":"<div data-elementor-type=\"wp-post\" data-elementor-id=\"5\" class=\"elementor elementor-5\">\n\t\t\t\t<div class=\"elementor-element elementor-element-5f02ddf e-flex e-con-boxed e-con e-parent\" data-id=\"5f02ddf\" data-element_type=\"container\" data-e-type=\"container\" data-settings=\"{&quot;background_background&quot;:&quot;classic&quot;}\">\n\t\t\t\t\t<div class=\"e-con-inner\">\n\t\t<div class=\"elementor-element elementor-element-0502d81 e-con-full e-flex e-con e-child\" data-id=\"0502d81\" data-element_type=\"container\" data-e-type=\"container\">\n\t\t\t\t<div class=\"elementor-element elementor-element-03d202b exad-sticky-section-no exad-glass-effect-no elementor-widget elementor-widget-heading\" data-id=\"03d202b\" data-element_type=\"widget\" data-e-type=\"widget\" data-widget_type=\"heading.default\">\n\t\t\t\t<div class=\"elementor-widget-container\">\n\t\t\t\t\t<h1 class=\"elementor-heading-title elementor-size-default\">Quem somos?<\/h1>\t\t\t\t<\/div>\n\t\t\t\t<\/div>\n\t\t\t\t<\/div>\n\t\t\t\t\t<\/div>\n\t\t\t\t<\/div>\n\t\t<div class=\"elementor-element elementor-element-ce23579 e-flex e-con-boxed e-con e-parent\" data-id=\"ce23579\" data-element_type=\"container\" data-e-type=\"container\">\n\t\t\t\t\t<div class=\"e-con-inner\">\n\t\t<div class=\"elementor-element elementor-element-89a7aec e-con-full e-flex e-con e-child\" data-id=\"89a7aec\" data-element_type=\"container\" data-e-type=\"container\">\n\t\t\t\t<div class=\"elementor-element elementor-element-a01f0dc exad-sticky-section-no exad-glass-effect-no elementor-widget elementor-widget-heading\" data-id=\"a01f0dc\" data-element_type=\"widget\" data-e-type=\"widget\" data-widget_type=\"heading.default\">\n\t\t\t\t<div class=\"elementor-widget-container\">\n\t\t\t\t\t<h2 class=\"elementor-heading-title elementor-size-default\">Miss\u00e3o<\/h2>\t\t\t\t<\/div>\n\t\t\t\t<\/div>\n\t\t\t\t<div class=\"elementor-element elementor-element-c43b3dd elementor-widget-divider--view-line exad-sticky-section-no exad-glass-effect-no elementor-widget elementor-widget-divider\" data-id=\"c43b3dd\" data-element_type=\"widget\" data-e-type=\"widget\" data-widget_type=\"divider.default\">\n\t\t\t\t<div class=\"elementor-widget-container\">\n\t\t\t\t\t\t\t<div class=\"elementor-divider\">\n\t\t\t<span class=\"elementor-divider-separator\">\n\t\t\t\t\t\t<\/span>\n\t\t<\/div>\n\t\t\t\t\t\t<\/div>\n\t\t\t\t<\/div>\n\t\t\t\t<div class=\"elementor-element elementor-element-e871351 exad-sticky-section-no exad-glass-effect-no elementor-widget elementor-widget-text-editor\" data-id=\"e871351\" data-element_type=\"widget\" data-e-type=\"widget\" data-widget_type=\"text-editor.default\">\n\t\t\t\t<div class=\"elementor-widget-container\">\n\t\t\t\t\t\t\t\t\t<p>A inovaT foi criada com o objetivo de responder \u00e0s necessidades das pequenas e m\u00e9dias empresas no interior do pa\u00eds, proporcionando as ferramentas necess\u00e1rias para alcan\u00e7ar os resultados pretendidos.<\/p>\t\t\t\t\t\t\t\t<\/div>\n\t\t\t\t<\/div>\n\t\t\t\t<div class=\"elementor-element elementor-element-0244f25 exad-sticky-section-no exad-glass-effect-no elementor-widget elementor-widget-text-editor\" data-id=\"0244f25\" data-element_type=\"widget\" data-e-type=\"widget\" data-widget_type=\"text-editor.default\">\n\t\t\t\t<div class=\"elementor-widget-container\">\n\t\t\t\t\t\t\t\t\t<p>A nossa miss\u00e3o \u00e9 contribuir para um desenvolvimento econ\u00f3mico sustentado e aumentar a competitividade do tecido empresarial Portugu\u00eas atrav\u00e9s de servi\u00e7os de consultoria e gest\u00e3o especializados no setor tur\u00edstico, hoteleiro e de eventos.<\/p>\t\t\t\t\t\t\t\t<\/div>\n\t\t\t\t<\/div>\n\t\t\t\t<\/div>\n\t\t<div class=\"elementor-element elementor-element-e8e4600 e-con-full e-flex e-con e-child\" data-id=\"e8e4600\" data-element_type=\"container\" data-e-type=\"container\">\n\t\t\t\t<div class=\"elementor-element elementor-element-6060d91 exad-sticky-section-no exad-glass-effect-no elementor-widget elementor-widget-image\" data-id=\"6060d91\" data-element_type=\"widget\" data-e-type=\"widget\" data-widget_type=\"image.default\">\n\t\t\t\t<div class=\"elementor-widget-container\">\n\t\t\t\t\t\t\t\t\t\t\t\t\t\t\t<img fetchpriority=\"high\" decoding=\"async\" width=\"2487\" height=\"2293\" src=\"https:\/\/i0.wp.com\/inovat-consulting.com\/wp-content\/uploads\/2024\/03\/Boia.jpeg?fit=2487%2C2293&amp;ssl=1\" class=\"attachment-full size-full wp-image-2774\" alt=\"Boia Salva-Vidas | Consultores Hoteleiros\" srcset=\"https:\/\/i0.wp.com\/inovat-consulting.com\/wp-content\/uploads\/2024\/03\/Boia.jpeg?w=2487&amp;ssl=1 2487w, https:\/\/i0.wp.com\/inovat-consulting.com\/wp-content\/uploads\/2024\/03\/Boia.jpeg?resize=300%2C277&amp;ssl=1 300w, https:\/\/i0.wp.com\/inovat-consulting.com\/wp-content\/uploads\/2024\/03\/Boia.jpeg?resize=1024%2C944&amp;ssl=1 1024w, https:\/\/i0.wp.com\/inovat-consulting.com\/wp-content\/uploads\/2024\/03\/Boia.jpeg?resize=768%2C708&amp;ssl=1 768w, https:\/\/i0.wp.com\/inovat-consulting.com\/wp-content\/uploads\/2024\/03\/Boia.jpeg?resize=1536%2C1416&amp;ssl=1 1536w, https:\/\/i0.wp.com\/inovat-consulting.com\/wp-content\/uploads\/2024\/03\/Boia.jpeg?resize=2048%2C1888&amp;ssl=1 2048w, https:\/\/i0.wp.com\/inovat-consulting.com\/wp-content\/uploads\/2024\/03\/Boia.jpeg?resize=13%2C12&amp;ssl=1 13w, https:\/\/i0.wp.com\/inovat-consulting.com\/wp-content\/uploads\/2024\/03\/Boia.jpeg?w=2400&amp;ssl=1 2400w\" sizes=\"(max-width: 1200px) 100vw, 1200px\" \/>\t\t\t\t\t\t\t\t\t\t\t\t\t\t\t<\/div>\n\t\t\t\t<\/div>\n\t\t\t\t<\/div>\n\t\t\t\t\t<\/div>\n\t\t\t\t<\/div>\n\t\t<div class=\"elementor-element elementor-element-8195a0d e-flex e-con-boxed e-con e-parent\" data-id=\"8195a0d\" data-element_type=\"container\" data-e-type=\"container\">\n\t\t\t\t\t<div class=\"e-con-inner\">\n\t\t<div class=\"elementor-element elementor-element-c48d12f e-con-full e-flex e-con e-child\" data-id=\"c48d12f\" data-element_type=\"container\" data-e-type=\"container\">\n\t\t\t\t<div class=\"elementor-element elementor-element-491f841 exad-sticky-section-no exad-glass-effect-no elementor-widget elementor-widget-heading\" data-id=\"491f841\" data-element_type=\"widget\" data-e-type=\"widget\" data-widget_type=\"heading.default\">\n\t\t\t\t<div class=\"elementor-widget-container\">\n\t\t\t\t\t<h4 class=\"elementor-heading-title elementor-size-default\">Vis\u00e3o<\/h4>\t\t\t\t<\/div>\n\t\t\t\t<\/div>\n\t\t\t\t<div class=\"elementor-element elementor-element-7beb61e elementor-widget-divider--view-line exad-sticky-section-no exad-glass-effect-no elementor-widget elementor-widget-divider\" data-id=\"7beb61e\" data-element_type=\"widget\" data-e-type=\"widget\" data-widget_type=\"divider.default\">\n\t\t\t\t<div class=\"elementor-widget-container\">\n\t\t\t\t\t\t\t<div class=\"elementor-divider\">\n\t\t\t<span class=\"elementor-divider-separator\">\n\t\t\t\t\t\t<\/span>\n\t\t<\/div>\n\t\t\t\t\t\t<\/div>\n\t\t\t\t<\/div>\n\t\t\t\t<div class=\"elementor-element elementor-element-c5cd51e exad-sticky-section-no exad-glass-effect-no elementor-widget elementor-widget-text-editor\" data-id=\"c5cd51e\" data-element_type=\"widget\" data-e-type=\"widget\" data-widget_type=\"text-editor.default\">\n\t\t\t\t<div class=\"elementor-widget-container\">\n\t\t\t\t\t\t\t\t\t<p>O nosso principal objetivo \u00e9 ser reconhecido como um dos principais intervenientes em consultoria e gest\u00e3o no setor.&nbsp;&nbsp;<\/p>\t\t\t\t\t\t\t\t<\/div>\n\t\t\t\t<\/div>\n\t\t\t\t<div class=\"elementor-element elementor-element-7a29118 exad-sticky-section-no exad-glass-effect-no elementor-widget elementor-widget-text-editor\" data-id=\"7a29118\" data-element_type=\"widget\" data-e-type=\"widget\" data-widget_type=\"text-editor.default\">\n\t\t\t\t<div class=\"elementor-widget-container\">\n\t\t\t\t\t\t\t\t\t<p>Contribuir ativamente como agente de dissemina\u00e7\u00e3o de boas pr\u00e1ticas e motivador de sinergias entre empresas, zelando sempre pelo desenvolvimento e investimento em pessoas, sustentabilidade e inova\u00e7\u00e3o.<\/p>\t\t\t\t\t\t\t\t<\/div>\n\t\t\t\t<\/div>\n\t\t\t\t<\/div>\n\t\t<div class=\"elementor-element elementor-element-d47d4cd e-con-full e-flex e-con e-child\" data-id=\"d47d4cd\" data-element_type=\"container\" data-e-type=\"container\">\n\t\t\t\t<div class=\"elementor-element elementor-element-bf795e2 exad-sticky-section-no exad-glass-effect-no elementor-widget elementor-widget-heading\" data-id=\"bf795e2\" data-element_type=\"widget\" data-e-type=\"widget\" data-widget_type=\"heading.default\">\n\t\t\t\t<div class=\"elementor-widget-container\">\n\t\t\t\t\t<h4 class=\"elementor-heading-title elementor-size-default\">Valores<\/h4>\t\t\t\t<\/div>\n\t\t\t\t<\/div>\n\t\t\t\t<div class=\"elementor-element elementor-element-ae16dd8 elementor-widget-divider--view-line exad-sticky-section-no exad-glass-effect-no elementor-widget elementor-widget-divider\" data-id=\"ae16dd8\" data-element_type=\"widget\" data-e-type=\"widget\" data-widget_type=\"divider.default\">\n\t\t\t\t<div class=\"elementor-widget-container\">\n\t\t\t\t\t\t\t<div class=\"elementor-divider\">\n\t\t\t<span class=\"elementor-divider-separator\">\n\t\t\t\t\t\t<\/span>\n\t\t<\/div>\n\t\t\t\t\t\t<\/div>\n\t\t\t\t<\/div>\n\t\t\t\t<div class=\"elementor-element elementor-element-8c4a333 exad-sticky-section-no exad-glass-effect-no elementor-widget elementor-widget-text-editor\" data-id=\"8c4a333\" data-element_type=\"widget\" data-e-type=\"widget\" data-widget_type=\"text-editor.default\">\n\t\t\t\t<div class=\"elementor-widget-container\">\n\t\t\t\t\t\t\t\t\t<p>A nossa cultura empresarial baseia-se no compromisso para com o cliente. Somos movidos pela vontade de fazer melhor, guiando-nos pelos seguintes valores:<\/p>\t\t\t\t\t\t\t\t<\/div>\n\t\t\t\t<\/div>\n\t\t\t\t<div class=\"elementor-element elementor-element-d6315d0 elementor-icon-list--layout-traditional elementor-list-item-link-full_width exad-sticky-section-no exad-glass-effect-no elementor-widget elementor-widget-icon-list\" data-id=\"d6315d0\" data-element_type=\"widget\" data-e-type=\"widget\" data-widget_type=\"icon-list.default\">\n\t\t\t\t<div class=\"elementor-widget-container\">\n\t\t\t\t\t\t\t<ul class=\"elementor-icon-list-items\">\n\t\t\t\t\t\t\t<li class=\"elementor-icon-list-item\">\n\t\t\t\t\t\t\t\t\t\t\t<span class=\"elementor-icon-list-icon\">\n\t\t\t\t\t\t\t<svg aria-hidden=\"true\" class=\"e-font-icon-svg e-fas-circle\" viewbox=\"0 0 512 512\" xmlns=\"http:\/\/www.w3.org\/2000\/svg\"><path d=\"M256 8C119 8 8 119 8 256s111 248 248 248 248-111 248-248S393 8 256 8z\"><\/path><\/svg>\t\t\t\t\t\t<\/span>\n\t\t\t\t\t\t\t\t\t\t<span class=\"elementor-icon-list-text\">Inova\u00e7\u00e3o;<\/span>\n\t\t\t\t\t\t\t\t\t<\/li>\n\t\t\t\t\t\t\t\t<li class=\"elementor-icon-list-item\">\n\t\t\t\t\t\t\t\t\t\t\t<span class=\"elementor-icon-list-icon\">\n\t\t\t\t\t\t\t<svg aria-hidden=\"true\" class=\"e-font-icon-svg e-fas-circle\" viewbox=\"0 0 512 512\" xmlns=\"http:\/\/www.w3.org\/2000\/svg\"><path d=\"M256 8C119 8 8 119 8 256s111 248 248 248 248-111 248-248S393 8 256 8z\"><\/path><\/svg>\t\t\t\t\t\t<\/span>\n\t\t\t\t\t\t\t\t\t\t<span class=\"elementor-icon-list-text\">Excel\u00eancia;<\/span>\n\t\t\t\t\t\t\t\t\t<\/li>\n\t\t\t\t\t\t\t\t<li class=\"elementor-icon-list-item\">\n\t\t\t\t\t\t\t\t\t\t\t<span class=\"elementor-icon-list-icon\">\n\t\t\t\t\t\t\t<svg aria-hidden=\"true\" class=\"e-font-icon-svg e-fas-circle\" viewbox=\"0 0 512 512\" xmlns=\"http:\/\/www.w3.org\/2000\/svg\"><path d=\"M256 8C119 8 8 119 8 256s111 248 248 248 248-111 248-248S393 8 256 8z\"><\/path><\/svg>\t\t\t\t\t\t<\/span>\n\t\t\t\t\t\t\t\t\t\t<span class=\"elementor-icon-list-text\">Transpar\u00eancia;<\/span>\n\t\t\t\t\t\t\t\t\t<\/li>\n\t\t\t\t\t\t\t\t<li class=\"elementor-icon-list-item\">\n\t\t\t\t\t\t\t\t\t\t\t<span class=\"elementor-icon-list-icon\">\n\t\t\t\t\t\t\t<svg aria-hidden=\"true\" class=\"e-font-icon-svg e-fas-circle\" viewbox=\"0 0 512 512\" xmlns=\"http:\/\/www.w3.org\/2000\/svg\"><path d=\"M256 8C119 8 8 119 8 256s111 248 248 248 248-111 248-248S393 8 256 8z\"><\/path><\/svg>\t\t\t\t\t\t<\/span>\n\t\t\t\t\t\t\t\t\t\t<span class=\"elementor-icon-list-text\">Sustentabilidade;<\/span>\n\t\t\t\t\t\t\t\t\t<\/li>\n\t\t\t\t\t\t\t\t<li class=\"elementor-icon-list-item\">\n\t\t\t\t\t\t\t\t\t\t\t<span class=\"elementor-icon-list-icon\">\n\t\t\t\t\t\t\t<svg aria-hidden=\"true\" class=\"e-font-icon-svg e-fas-circle\" viewbox=\"0 0 512 512\" xmlns=\"http:\/\/www.w3.org\/2000\/svg\"><path d=\"M256 8C119 8 8 119 8 256s111 248 248 248 248-111 248-248S393 8 256 8z\"><\/path><\/svg>\t\t\t\t\t\t<\/span>\n\t\t\t\t\t\t\t\t\t\t<span class=\"elementor-icon-list-text\">Dinamismo<\/span>\n\t\t\t\t\t\t\t\t\t<\/li>\n\t\t\t\t\t\t<\/ul>\n\t\t\t\t\t\t<\/div>\n\t\t\t\t<\/div>\n\t\t\t\t<\/div>\n\t\t\t\t\t<\/div>\n\t\t\t\t<\/div>\n\t\t\t\t<\/div>","protected":false},"excerpt":{"rendered":"<p>Who Are We? Our Mission inovaT was created with the aim of responding to small and medium-sized companies in the [&hellip;]<\/p>\n","protected":false},"author":1,"featured_media":0,"parent":0,"menu_order":0,"comment_status":"closed","ping_status":"closed","template":"","meta":{"om_disable_all_campaigns":false,"_uag_custom_page_level_css":"","site-sidebar-layout":"no-sidebar","site-content-layout":"page-builder","ast-site-content-layout":"full-width-container","site-content-style":"unboxed","site-sidebar-style":"unboxed","ast-global-header-display":"","ast-banner-title-visibility":"","ast-main-header-display":"","ast-hfb-above-header-display":"","ast-hfb-below-header-display":"","ast-hfb-mobile-header-display":"","site-post-title":"disabled","ast-breadcrumbs-content":"","ast-featured-img":"disabled","footer-sml-layout":"","ast-disable-related-posts":"","theme-transparent-header-meta":"default","adv-header-id-meta":"","stick-header-meta":"","header-above-stick-meta":"","header-main-stick-meta":"","header-below-stick-meta":"","astra-migrate-meta-layouts":"set","ast-page-background-enabled":"default","ast-page-background-meta":{"desktop":{"background-color":"","background-image":"","background-repeat":"repeat","background-position":"center center","background-size":"auto","background-attachment":"scroll","background-type":"","background-media":"","overlay-type":"","overlay-color":"","overlay-opacity":"","overlay-gradient":""},"tablet":{"background-color":"","background-image":"","background-repeat":"repeat","background-position":"center center","background-size":"auto","background-attachment":"scroll","background-type":"","background-media":"","overlay-type":"","overlay-color":"","overlay-opacity":"","overlay-gradient":""},"mobile":{"background-color":"","background-image":"","background-repeat":"repeat","background-position":"center center","background-size":"auto","background-attachment":"scroll","background-type":"","background-media":"","overlay-type":"","overlay-color":"","overlay-opacity":"","overlay-gradient":""}},"ast-content-background-meta":{"desktop":{"background-color":"var(--ast-global-color-5)","background-image":"","background-repeat":"repeat","background-position":"center center","background-size":"auto","background-attachment":"scroll","background-type":"","background-media":"","overlay-type":"","overlay-color":"","overlay-opacity":"","overlay-gradient":""},"tablet":{"background-color":"var(--ast-global-color-5)","background-image":"","background-repeat":"repeat","background-position":"center center","background-size":"auto","background-attachment":"scroll","background-type":"","background-media":"","overlay-type":"","overlay-color":"","overlay-opacity":"","overlay-gradient":""},"mobile":{"background-color":"var(--ast-global-color-5)","background-image":"","background-repeat":"repeat","background-position":"center center","background-size":"auto","background-attachment":"scroll","background-type":"","background-media":"","overlay-type":"","overlay-color":"","overlay-opacity":"","overlay-gradient":""}},"footnotes":""},"class_list":["post-5","page","type-page","status-publish","hentry"],"yoast_head":"<!-- This site is optimized with the Yoast SEO plugin v27.5 - https:\/\/yoast.com\/product\/yoast-seo-wordpress\/ -->\n<title>Quem Somos | Consultor Hoteleiro | InovaT Consulting<\/title>\n<meta name=\"description\" content=\"Fala com o nosso consultor hoteleiro e descobre como a inovaT Consulting te pode ajudar a alcan\u00e7ar o sucesso do teu hotel ou AL.\" \/>\n<meta name=\"robots\" content=\"index, follow, max-snippet:-1, max-image-preview:large, max-video-preview:-1\" \/>\n<link rel=\"canonical\" href=\"http:\/\/inovat-consulting.com\/pt\/about\/\" \/>\n<meta property=\"og:locale\" content=\"pt_PT\" \/>\n<meta property=\"og:type\" content=\"article\" \/>\n<meta property=\"og:title\" content=\"Quem Somos | Consultor Hoteleiro | InovaT Consulting\" \/>\n<meta property=\"og:description\" content=\"Fala com o nosso consultor hoteleiro e descobre como a inovaT Consulting te pode ajudar a alcan\u00e7ar o sucesso do teu hotel ou AL.\" \/>\n<meta property=\"og:url\" content=\"http:\/\/inovat-consulting.com\/pt\/about\/\" \/>\n<meta property=\"og:site_name\" content=\"inovaT Consulting\" \/>\n<meta property=\"article:modified_time\" content=\"2024-03-13T14:21:49+00:00\" \/>\n<meta property=\"og:image\" content=\"https:\/\/inovat-consulting.com\/wp-content\/uploads\/2024\/03\/Boia.jpeg\" \/>\n<meta name=\"twitter:card\" content=\"summary_large_image\" \/>\n<meta name=\"twitter:label1\" content=\"Tempo estimado de leitura\" \/>\n\t<meta name=\"twitter:data1\" content=\"2 minutos\" \/>\n<script type=\"application\/ld+json\" class=\"yoast-schema-graph\">{\"@context\":\"https:\\\/\\\/schema.org\",\"@graph\":[{\"@type\":\"WebPage\",\"@id\":\"http:\\\/\\\/inovat-consulting.com\\\/pt\\\/about\\\/\",\"url\":\"http:\\\/\\\/inovat-consulting.com\\\/pt\\\/about\\\/\",\"name\":\"Quem Somos | Consultor Hoteleiro | InovaT Consulting\",\"isPartOf\":{\"@id\":\"https:\\\/\\\/inovat-consulting.com\\\/pt\\\/#website\"},\"primaryImageOfPage\":{\"@id\":\"http:\\\/\\\/inovat-consulting.com\\\/pt\\\/about\\\/#primaryimage\"},\"image\":{\"@id\":\"http:\\\/\\\/inovat-consulting.com\\\/pt\\\/about\\\/#primaryimage\"},\"thumbnailUrl\":\"https:\\\/\\\/inovat-consulting.com\\\/wp-content\\\/uploads\\\/2024\\\/03\\\/Boia.jpeg\",\"datePublished\":\"2018-11-27T09:17:08+00:00\",\"dateModified\":\"2024-03-13T14:21:49+00:00\",\"description\":\"Fala com o nosso consultor hoteleiro e descobre como a inovaT Consulting te pode ajudar a alcan\u00e7ar o sucesso do teu hotel ou AL.\",\"breadcrumb\":{\"@id\":\"http:\\\/\\\/inovat-consulting.com\\\/pt\\\/about\\\/#breadcrumb\"},\"inLanguage\":\"pt-PT\",\"potentialAction\":[{\"@type\":\"ReadAction\",\"target\":[\"http:\\\/\\\/inovat-consulting.com\\\/pt\\\/about\\\/\"]}]},{\"@type\":\"ImageObject\",\"inLanguage\":\"pt-PT\",\"@id\":\"http:\\\/\\\/inovat-consulting.com\\\/pt\\\/about\\\/#primaryimage\",\"url\":\"https:\\\/\\\/inovat-consulting.com\\\/wp-content\\\/uploads\\\/2024\\\/03\\\/Boia.jpeg\",\"contentUrl\":\"https:\\\/\\\/inovat-consulting.com\\\/wp-content\\\/uploads\\\/2024\\\/03\\\/Boia.jpeg\"},{\"@type\":\"BreadcrumbList\",\"@id\":\"http:\\\/\\\/inovat-consulting.com\\\/pt\\\/about\\\/#breadcrumb\",\"itemListElement\":[{\"@type\":\"ListItem\",\"position\":1,\"name\":\"Home\",\"item\":\"https:\\\/\\\/inovat-consulting.com\\\/pt\\\/\"},{\"@type\":\"ListItem\",\"position\":2,\"name\":\"About\"}]},{\"@type\":\"WebSite\",\"@id\":\"https:\\\/\\\/inovat-consulting.com\\\/pt\\\/#website\",\"url\":\"https:\\\/\\\/inovat-consulting.com\\\/pt\\\/\",\"name\":\"inovaT Consulting\",\"description\":\"Consulting company for hotels and tourism sector PME&#039;s\",\"publisher\":{\"@id\":\"https:\\\/\\\/inovat-consulting.com\\\/pt\\\/#organization\"},\"potentialAction\":[{\"@type\":\"SearchAction\",\"target\":{\"@type\":\"EntryPoint\",\"urlTemplate\":\"https:\\\/\\\/inovat-consulting.com\\\/pt\\\/?s={search_term_string}\"},\"query-input\":{\"@type\":\"PropertyValueSpecification\",\"valueRequired\":true,\"valueName\":\"search_term_string\"}}],\"inLanguage\":\"pt-PT\"},{\"@type\":\"Organization\",\"@id\":\"https:\\\/\\\/inovat-consulting.com\\\/pt\\\/#organization\",\"name\":\"inovaT Consulting\",\"url\":\"https:\\\/\\\/inovat-consulting.com\\\/pt\\\/\",\"logo\":{\"@type\":\"ImageObject\",\"inLanguage\":\"pt-PT\",\"@id\":\"https:\\\/\\\/inovat-consulting.com\\\/pt\\\/#\\\/schema\\\/logo\\\/image\\\/\",\"url\":\"https:\\\/\\\/i0.wp.com\\\/inovat-consulting.com\\\/wp-content\\\/uploads\\\/2023\\\/11\\\/Imagem2.1.png?fit=271%2C125&ssl=1\",\"contentUrl\":\"https:\\\/\\\/i0.wp.com\\\/inovat-consulting.com\\\/wp-content\\\/uploads\\\/2023\\\/11\\\/Imagem2.1.png?fit=271%2C125&ssl=1\",\"width\":271,\"height\":125,\"caption\":\"inovaT Consulting\"},\"image\":{\"@id\":\"https:\\\/\\\/inovat-consulting.com\\\/pt\\\/#\\\/schema\\\/logo\\\/image\\\/\"}}]}<\/script>\n<!-- \/ Yoast SEO plugin. -->","yoast_head_json":{"title":"Quem Somos | Consultor Hoteleiro | InovaT Consulting","description":"Fala com o nosso consultor hoteleiro e descobre como a inovaT Consulting te pode ajudar a alcan\u00e7ar o sucesso do teu hotel ou AL.","robots":{"index":"index","follow":"follow","max-snippet":"max-snippet:-1","max-image-preview":"max-image-preview:large","max-video-preview":"max-video-preview:-1"},"canonical":"http:\/\/inovat-consulting.com\/pt\/about\/","og_locale":"pt_PT","og_type":"article","og_title":"Quem Somos | Consultor Hoteleiro | InovaT Consulting","og_description":"Fala com o nosso consultor hoteleiro e descobre como a inovaT Consulting te pode ajudar a alcan\u00e7ar o sucesso do teu hotel ou AL.","og_url":"http:\/\/inovat-consulting.com\/pt\/about\/","og_site_name":"inovaT Consulting","article_modified_time":"2024-03-13T14:21:49+00:00","og_image":[{"url":"https:\/\/inovat-consulting.com\/wp-content\/uploads\/2024\/03\/Boia.jpeg","type":"","width":"","height":""}],"twitter_card":"summary_large_image","twitter_misc":{"Tempo estimado de leitura":"2 minutos"},"schema":{"@context":"https:\/\/schema.org","@graph":[{"@type":"WebPage","@id":"http:\/\/inovat-consulting.com\/pt\/about\/","url":"http:\/\/inovat-consulting.com\/pt\/about\/","name":"Quem Somos | Consultor Hoteleiro | InovaT Consulting","isPartOf":{"@id":"https:\/\/inovat-consulting.com\/pt\/#website"},"primaryImageOfPage":{"@id":"http:\/\/inovat-consulting.com\/pt\/about\/#primaryimage"},"image":{"@id":"http:\/\/inovat-consulting.com\/pt\/about\/#primaryimage"},"thumbnailUrl":"https:\/\/inovat-consulting.com\/wp-content\/uploads\/2024\/03\/Boia.jpeg","datePublished":"2018-11-27T09:17:08+00:00","dateModified":"2024-03-13T14:21:49+00:00","description":"Fala com o nosso consultor hoteleiro e descobre como a inovaT Consulting te pode ajudar a alcan\u00e7ar o sucesso do teu hotel ou AL.","breadcrumb":{"@id":"http:\/\/inovat-consulting.com\/pt\/about\/#breadcrumb"},"inLanguage":"pt-PT","potentialAction":[{"@type":"ReadAction","target":["http:\/\/inovat-consulting.com\/pt\/about\/"]}]},{"@type":"ImageObject","inLanguage":"pt-PT","@id":"http:\/\/inovat-consulting.com\/pt\/about\/#primaryimage","url":"https:\/\/inovat-consulting.com\/wp-content\/uploads\/2024\/03\/Boia.jpeg","contentUrl":"https:\/\/inovat-consulting.com\/wp-content\/uploads\/2024\/03\/Boia.jpeg"},{"@type":"BreadcrumbList","@id":"http:\/\/inovat-consulting.com\/pt\/about\/#breadcrumb","itemListElement":[{"@type":"ListItem","position":1,"name":"Home","item":"https:\/\/inovat-consulting.com\/pt\/"},{"@type":"ListItem","position":2,"name":"About"}]},{"@type":"WebSite","@id":"https:\/\/inovat-consulting.com\/pt\/#website","url":"https:\/\/inovat-consulting.com\/pt\/","name":"inovaT Consulting","description":"Consulting company for hotels and tourism sector PME&#039;s","publisher":{"@id":"https:\/\/inovat-consulting.com\/pt\/#organization"},"potentialAction":[{"@type":"SearchAction","target":{"@type":"EntryPoint","urlTemplate":"https:\/\/inovat-consulting.com\/pt\/?s={search_term_string}"},"query-input":{"@type":"PropertyValueSpecification","valueRequired":true,"valueName":"search_term_string"}}],"inLanguage":"pt-PT"},{"@type":"Organization","@id":"https:\/\/inovat-consulting.com\/pt\/#organization","name":"inovaT Consulting","url":"https:\/\/inovat-consulting.com\/pt\/","logo":{"@type":"ImageObject","inLanguage":"pt-PT","@id":"https:\/\/inovat-consulting.com\/pt\/#\/schema\/logo\/image\/","url":"https:\/\/i0.wp.com\/inovat-consulting.com\/wp-content\/uploads\/2023\/11\/Imagem2.1.png?fit=271%2C125&ssl=1","contentUrl":"https:\/\/i0.wp.com\/inovat-consulting.com\/wp-content\/uploads\/2023\/11\/Imagem2.1.png?fit=271%2C125&ssl=1","width":271,"height":125,"caption":"inovaT Consulting"},"image":{"@id":"https:\/\/inovat-consulting.com\/pt\/#\/schema\/logo\/image\/"}}]}},"uagb_featured_image_src":{"full":false,"thumbnail":false,"medium":false,"medium_large":false,"large":false,"1536x1536":false,"2048x2048":false,"trp-custom-language-flag":false},"uagb_author_info":{"display_name":"admin","author_link":"https:\/\/inovat-consulting.com\/pt\/author\/admin\/"},"uagb_comment_info":0,"uagb_excerpt":"Who Are We? Our Mission inovaT was created with the aim of responding to small and medium-sized companies in the [&hellip;]","jetpack_sharing_enabled":true,"_links":{"self":[{"href":"https:\/\/inovat-consulting.com\/pt\/wp-json\/wp\/v2\/pages\/5","targetHints":{"allow":["GET"]}}],"collection":[{"href":"https:\/\/inovat-consulting.com\/pt\/wp-json\/wp\/v2\/pages"}],"about":[{"href":"https:\/\/inovat-consulting.com\/pt\/wp-json\/wp\/v2\/types\/page"}],"author":[{"embeddable":true,"href":"https:\/\/inovat-consulting.com\/pt\/wp-json\/wp\/v2\/users\/1"}],"replies":[{"embeddable":true,"href":"https:\/\/inovat-consulting.com\/pt\/wp-json\/wp\/v2\/comments?post=5"}],"version-history":[{"count":5,"href":"https:\/\/inovat-consulting.com\/pt\/wp-json\/wp\/v2\/pages\/5\/revisions"}],"predecessor-version":[{"id":2777,"href":"https:\/\/inovat-consulting.com\/pt\/wp-json\/wp\/v2\/pages\/5\/revisions\/2777"}],"wp:attachment":[{"href":"https:\/\/inovat-consulting.com\/pt\/wp-json\/wp\/v2\/media?parent=5"}],"curies":[{"name":"wp","href":"https:\/\/api.w.org\/{rel}","templated":true}]}}