{"id":3100,"date":"2024-05-21T16:30:08","date_gmt":"2024-05-21T15:30:08","guid":{"rendered":"https:\/\/inovat-consulting.com\/?page_id=3100"},"modified":"2024-05-21T16:43:55","modified_gmt":"2024-05-21T15:43:55","slug":"marketing-digital-para-alojamento-local","status":"publish","type":"page","link":"https:\/\/inovat-consulting.com\/pt\/marketing-digital-para-alojamento-local\/","title":{"rendered":"Marketing Digital para Alojamento Local"},"content":{"rendered":"<div data-elementor-type=\"wp-page\" data-elementor-id=\"3100\" class=\"elementor elementor-3100\">\n\t\t\t\t<div class=\"elementor-element elementor-element-4ca3b70 e-flex e-con-boxed e-con e-parent\" data-id=\"4ca3b70\" data-element_type=\"container\" data-e-type=\"container\">\n\t\t\t\t\t<div class=\"e-con-inner\">\n\t\t\t\t<div class=\"elementor-element elementor-element-6899d7f exad-sticky-section-no exad-glass-effect-no elementor-widget elementor-widget-heading\" data-id=\"6899d7f\" data-element_type=\"widget\" data-e-type=\"widget\" data-widget_type=\"heading.default\">\n\t\t\t\t<div class=\"elementor-widget-container\">\n\t\t\t\t\t<h1 class=\"elementor-heading-title elementor-size-default\">Marketing Digital para Alojamento Local<\/h1>\t\t\t\t<\/div>\n\t\t\t\t<\/div>\n\t\t\t\t\t<\/div>\n\t\t\t\t<\/div>\n\t\t<div class=\"elementor-element elementor-element-907e516 e-flex e-con-boxed e-con e-parent\" data-id=\"907e516\" data-element_type=\"container\" data-e-type=\"container\">\n\t\t\t\t\t<div class=\"e-con-inner\">\n\t\t\t\t<div class=\"elementor-element elementor-element-8890672 exad-sticky-section-no exad-glass-effect-no elementor-widget elementor-widget-text-editor\" data-id=\"8890672\" data-element_type=\"widget\" data-e-type=\"widget\" data-widget_type=\"text-editor.default\">\n\t\t\t\t<div class=\"elementor-widget-container\">\n\t\t\t\t\t\t\t\t\t<p><span style=\"font-weight: 400;\">O mercado de alojamento local (AL) em Portugal tem crescido de forma exponencial nos \u00faltimos anos. Com o aumento do turismo, muitos propriet\u00e1rios t\u00eam transformado as suas propriedades em AL, tornando o mercado extremamente competitivo. Neste cen\u00e1rio, \u00e9 crucial ir al\u00e9m do expect\u00e1vel para se destacar.\u00a0<\/span><\/p><p><span style=\"font-weight: 400;\">Desta forma, surge o <a href=\"https:\/\/inovat-consulting.com\/pt\/servicos-de-marketing-hoteleiro-consultora-de-marketing-para-hoteis\/\" target=\"_blank\" rel=\"noopener\">marketing digital<\/a> como a ferramenta diferenciadora que coloca o teu alojamento local \u00e0 frente da concorr\u00eancia. Esta ferramenta n\u00e3o aumenta apenas a visibilidade online da tua unidade, mas tamb\u00e9m permite alcan\u00e7ar e interagir com potenciais clientes de forma mais eficaz. <\/span><\/p>\t\t\t\t\t\t\t\t<\/div>\n\t\t\t\t<\/div>\n\t\t\t\t\t<\/div>\n\t\t\t\t<\/div>\n\t\t<div class=\"elementor-element elementor-element-99b33ad e-flex e-con-boxed e-con e-parent\" data-id=\"99b33ad\" data-element_type=\"container\" data-e-type=\"container\">\n\t\t\t\t\t<div class=\"e-con-inner\">\n\t\t\t\t<div class=\"elementor-element elementor-element-a6d9b67 exad-sticky-section-no exad-glass-effect-no elementor-widget elementor-widget-button\" data-id=\"a6d9b67\" data-element_type=\"widget\" data-e-type=\"widget\" data-widget_type=\"button.default\">\n\t\t\t\t<div class=\"elementor-widget-container\">\n\t\t\t\t\t\t\t\t\t<div class=\"elementor-button-wrapper\">\n\t\t\t\t\t<a class=\"elementor-button elementor-button-link elementor-size-sm\" href=\"https:\/\/inovat-consulting.com\/pt\/contact\/\" target=\"_blank\">\n\t\t\t\t\t\t<span class=\"elementor-button-content-wrapper\">\n\t\t\t\t\t\t\t\t\t<span class=\"elementor-button-text\">inovaT<\/span>\n\t\t\t\t\t<\/span>\n\t\t\t\t\t<\/a>\n\t\t\t\t<\/div>\n\t\t\t\t\t\t\t\t<\/div>\n\t\t\t\t<\/div>\n\t\t\t\t\t<\/div>\n\t\t\t\t<\/div>\n\t\t<div class=\"elementor-element elementor-element-081867b e-flex e-con-boxed e-con e-parent\" data-id=\"081867b\" data-element_type=\"container\" data-e-type=\"container\">\n\t\t\t\t\t<div class=\"e-con-inner\">\n\t\t\t\t<div class=\"elementor-element elementor-element-0d245ba exad-sticky-section-no exad-glass-effect-no elementor-widget elementor-widget-heading\" data-id=\"0d245ba\" data-element_type=\"widget\" data-e-type=\"widget\" data-widget_type=\"heading.default\">\n\t\t\t\t<div class=\"elementor-widget-container\">\n\t\t\t\t\t<h2 class=\"elementor-heading-title elementor-size-default\">Estrat\u00e9gias de Marketing Digital para Alojamento Local<\/h2>\t\t\t\t<\/div>\n\t\t\t\t<\/div>\n\t\t\t\t\t<\/div>\n\t\t\t\t<\/div>\n\t\t<div class=\"elementor-element elementor-element-990713f e-flex e-con-boxed e-con e-parent\" data-id=\"990713f\" data-element_type=\"container\" data-e-type=\"container\">\n\t\t\t\t\t<div class=\"e-con-inner\">\n\t\t\t\t<div class=\"elementor-element elementor-element-4bfc6e3 exad-sticky-section-no exad-glass-effect-no elementor-widget elementor-widget-text-editor\" data-id=\"4bfc6e3\" data-element_type=\"widget\" data-e-type=\"widget\" data-widget_type=\"text-editor.default\">\n\t\t\t\t<div class=\"elementor-widget-container\">\n\t\t\t\t\t\t\t\t\t<h3><b>SEO Local<\/b><\/h3><p><span style=\"font-weight: 400;\">A otimiza\u00e7\u00e3o para motores de busca (SEO) local \u00e9 essencial para garantir que o teu alojamento local apare\u00e7a nos resultados de pesquisas \u00e0 hora e local certos. Focar em palavras-chave espec\u00edficas da localidade da unidade ajuda a atrair potenciais h\u00f3spedes que procuram acomoda\u00e7\u00f5es na tua \u00e1rea.<\/span><\/p><p><span style=\"font-weight: 400;\">Apesar de as estrat\u00e9gias de SEO demorarem mais tempo a apresentar resultados, s\u00e3o menos dispendiosas e trabalham a reputa\u00e7\u00e3o online de forma mais est\u00e1vel e eficaz em compara\u00e7\u00e3o com estrat\u00e9gias pagas, como os an\u00fancios do Google Ads.<\/span><\/p><h3><b>Google My Business<\/b><\/h3><p><span style=\"font-weight: 400;\">Registra o teu AL no Google My Business (GMB). Este passo poder\u00e1 aumentar a tua visibilidade nas buscas locais e permitir\u00e1 que os clientes deixem avalia\u00e7\u00f5es. As avalia\u00e7\u00f5es positivas n\u00e3o s\u00f3 melhoram a credibilidade, mas tamb\u00e9m influenciam a decis\u00e3o de futuros h\u00f3spedes.<\/span><\/p><h3><b>Redes Sociais<\/b><\/h3><p><span style=\"font-weight: 400;\">As redes sociais s\u00e3o uma \u00f3tima ferramenta para promover o teu alojamento local e interagir diretamente com potenciais h\u00f3spedes. Aqui est\u00e3o algumas estrat\u00e9gias espec\u00edficas para diferentes redes sociais:<\/span><\/p><h4><b>Instagram<\/b><\/h4><p><b>Fotos Apelativas<\/b><span style=\"font-weight: 400;\">: Publica fotos de alta qualidade dos quartos, \u00e1reas comuns e detalhes \u00fanicos do teu AL.\u00a0<\/span><\/p><p><b>Hist\u00f3rias de H\u00f3spedes<\/b><span style=\"font-weight: 400;\">: Partilha hist\u00f3rias e testemunhos de h\u00f3spedes satisfeitos.<\/span><\/p><p><b>Hashtags Relevantes<\/b><span style=\"font-weight: 400;\">: Utiliza hashtags populares relacionadas ao turismo e \u00e0 tua localiza\u00e7\u00e3o<\/span><\/p><h4><b>TikTok<\/b><\/h4><p><b>Conte\u00fados Criativos<\/b><span style=\"font-weight: 400;\">: Cria v\u00eddeos curtos e criativos mostrando as caracter\u00edsticas \u00fanicas do teu AL, dicas de viagem e atra\u00e7\u00f5es locais.<\/span><\/p><p><b>Desafios e Tend\u00eancias<\/b><span style=\"font-weight: 400;\">: Participa em desafios e tend\u00eancias populares no TikTok para aumentar a visibilidade e engajamento.<\/span><\/p><p><b>Colabora\u00e7\u00f5es<\/b><span style=\"font-weight: 400;\">: Colabora com influencers de viagem que podem visitar e promover o teu AL para uma audi\u00eancia mais ampla.<\/span><\/p><h4><b>Pinterest<\/b><\/h4><p><b>Pins Visuais<\/b><span style=\"font-weight: 400;\">: Cria pins visualmente atraentes que destaquem a decora\u00e7\u00e3o, design de interiores e comodidades do teu alojamento local.<\/span><\/p><p><b>\u00c1lbuns Tem\u00e1ticos<\/b><span style=\"font-weight: 400;\">: Organiza \u00e1lbuns tem\u00e1ticos (ex: &#8220;Escapadelas Rom\u00e2nticas&#8221;, &#8220;F\u00e9rias em Fam\u00edlia&#8221;, &#8220;Fins de Semana Gastron\u00f3micos&#8221;) para inspirar potenciais h\u00f3spedes.<\/span><\/p><p><b>Links Diretos<\/b><span style=\"font-weight: 400;\">: Certifica-te de que todos os pins est\u00e3o vinculados diretamente ao teu website ou plataforma de reservas.<\/span><\/p><h3><b>E-mail Marketing<\/b><\/h3><p><span style=\"font-weight: 400;\">Desenvolve campanhas de e-mail marketing para manter contato com h\u00f3spedes anteriores e promover ofertas exclusivas. Segmenta a tua lista de e-mails para enviar mensagens personalizadas e relevantes, aumentando as chances de convers\u00e3o.<\/span><\/p><p>Saber mais (<a href=\"https:\/\/inovat-consulting.com\/pt\/marketing-digital-para-alojamento-local-os-7-passos-para-comecar\/#respond\" target=\"_blank\" rel=\"noopener\">Marketing Digital para alojamento local: Os 7 passos para come\u00e7ar!)<\/a><\/p>\t\t\t\t\t\t\t\t<\/div>\n\t\t\t\t<\/div>\n\t\t\t\t\t<\/div>\n\t\t\t\t<\/div>\n\t\t<div class=\"elementor-element elementor-element-7be2350 e-flex e-con-boxed e-con e-parent\" data-id=\"7be2350\" data-element_type=\"container\" data-e-type=\"container\">\n\t\t\t\t\t<div class=\"e-con-inner\">\n\t\t\t\t<div class=\"elementor-element elementor-element-206432a exad-sticky-section-no exad-glass-effect-no elementor-widget elementor-widget-heading\" data-id=\"206432a\" data-element_type=\"widget\" data-e-type=\"widget\" data-widget_type=\"heading.default\">\n\t\t\t\t<div class=\"elementor-widget-container\">\n\t\t\t\t\t<h2 class=\"elementor-heading-title elementor-size-default\">Marketing Digital para Alojamento Local - Os nossos servi\u00e7os<\/h2>\t\t\t\t<\/div>\n\t\t\t\t<\/div>\n\t\t\t\t\t<\/div>\n\t\t\t\t<\/div>\n\t\t<div class=\"elementor-element elementor-element-64164d5 e-flex e-con-boxed e-con e-parent\" data-id=\"64164d5\" data-element_type=\"container\" data-e-type=\"container\">\n\t\t\t\t\t<div class=\"e-con-inner\">\n\t\t\t\t<div class=\"elementor-element elementor-element-6349652 exad-sticky-section-no exad-glass-effect-no elementor-widget elementor-widget-text-editor\" data-id=\"6349652\" data-element_type=\"widget\" data-e-type=\"widget\" data-widget_type=\"text-editor.default\">\n\t\t\t\t<div class=\"elementor-widget-container\">\n\t\t\t\t\t\t\t\t\t<p><span style=\"font-weight: 400;\">Na <a href=\"https:\/\/inovat-consulting.com\/pt\/about\/\" target=\"_blank\" rel=\"noopener\">InovaT Consulting<\/a>, oferecemos servi\u00e7os especializados para ajudar o teu alojamento local a destacar-se no mercado competitivo. Para al\u00e9m dos nossos servi\u00e7os de marketing digital para alojamento local, tamb\u00e9m fornecemos outros servi\u00e7os como <a href=\"https:\/\/inovat-consulting.com\/pt\/gestao-de-empreendimentos-turisticos\/\" target=\"_blank\" rel=\"noopener\">gest\u00e3o de empreendimentos tur\u00edsticos<\/a> e <a href=\"https:\/\/inovat-consulting.com\/pt\/gestao-de-departamentos-operacionais\/\" target=\"_blank\" rel=\"noopener\">gest\u00e3o de departamentos operacionais<\/a>.\u00a0<\/span><\/p><p><span style=\"font-weight: 400;\">Entra em contato connosco para saber mais sobre como podemos ajudar a tua unidade a crescer.<\/span><\/p><p><b>Telefone<\/b><span style=\"font-weight: 400;\">: <a href=\"tel:912 913 951\">+351 912 913 951<\/a><\/span><span style=\"font-weight: 400;\"><br \/><\/span><b>Email<\/b><span style=\"font-weight: 400;\">: <a href=\"mailto:geral@inovat-consulting.com\">geral@inovat-consulting.com<\/a><\/span><\/p>\t\t\t\t\t\t\t\t<\/div>\n\t\t\t\t<\/div>\n\t\t\t\t\t<\/div>\n\t\t\t\t<\/div>\n\t\t\t\t<\/div>","protected":false},"excerpt":{"rendered":"<p>Marketing Digital para Alojamento Local O mercado de alojamento local (AL) em Portugal tem crescido de forma exponencial nos \u00faltimos [&hellip;]<\/p>\n","protected":false},"author":1,"featured_media":0,"parent":0,"menu_order":0,"comment_status":"closed","ping_status":"closed","template":"","meta":{"om_disable_all_campaigns":false,"_uag_custom_page_level_css":"","site-sidebar-layout":"no-sidebar","site-content-layout":"page-builder","ast-site-content-layout":"full-width-container","site-content-style":"default","site-sidebar-style":"default","ast-global-header-display":"","ast-banner-title-visibility":"","ast-main-header-display":"","ast-hfb-above-header-display":"","ast-hfb-below-header-display":"","ast-hfb-mobile-header-display":"","site-post-title":"disabled","ast-breadcrumbs-content":"","ast-featured-img":"disabled","footer-sml-layout":"","ast-disable-related-posts":"","theme-transparent-header-meta":"","adv-header-id-meta":"","stick-header-meta":"","header-above-stick-meta":"","header-main-stick-meta":"","header-below-stick-meta":"","astra-migrate-meta-layouts":"set","ast-page-background-enabled":"default","ast-page-background-meta":{"desktop":{"background-color":"","background-image":"","background-repeat":"repeat","background-position":"center center","background-size":"auto","background-attachment":"scroll","background-type":"","background-media":"","overlay-type":"","overlay-color":"","overlay-opacity":"","overlay-gradient":""},"tablet":{"background-color":"","background-image":"","background-repeat":"repeat","background-position":"center center","background-size":"auto","background-attachment":"scroll","background-type":"","background-media":"","overlay-type":"","overlay-color":"","overlay-opacity":"","overlay-gradient":""},"mobile":{"background-color":"","background-image":"","background-repeat":"repeat","background-position":"center center","background-size":"auto","background-attachment":"scroll","background-type":"","background-media":"","overlay-type":"","overlay-color":"","overlay-opacity":"","overlay-gradient":""}},"ast-content-background-meta":{"desktop":{"background-color":"var(--ast-global-color-5)","background-image":"","background-repeat":"repeat","background-position":"center center","background-size":"auto","background-attachment":"scroll","background-type":"","background-media":"","overlay-type":"","overlay-color":"","overlay-opacity":"","overlay-gradient":""},"tablet":{"background-color":"var(--ast-global-color-5)","background-image":"","background-repeat":"repeat","background-position":"center center","background-size":"auto","background-attachment":"scroll","background-type":"","background-media":"","overlay-type":"","overlay-color":"","overlay-opacity":"","overlay-gradient":""},"mobile":{"background-color":"var(--ast-global-color-5)","background-image":"","background-repeat":"repeat","background-position":"center center","background-size":"auto","background-attachment":"scroll","background-type":"","background-media":"","overlay-type":"","overlay-color":"","overlay-opacity":"","overlay-gradient":""}},"footnotes":""},"class_list":["post-3100","page","type-page","status-publish","hentry"],"yoast_head":"<!-- This site is optimized with the Yoast SEO plugin v27.5 - https:\/\/yoast.com\/product\/yoast-seo-wordpress\/ -->\n<title>Marketing Digital para Alojamento Local | MKT Hoteleiro<\/title>\n<meta name=\"description\" content=\"Na inovaT Consulting, oferecemos um conjunto de servi\u00e7os de marketing digital para alojamento local. Descobre como te podemos ajudar!\" \/>\n<meta name=\"robots\" content=\"index, follow, max-snippet:-1, max-image-preview:large, max-video-preview:-1\" \/>\n<link rel=\"canonical\" href=\"https:\/\/inovat-consulting.com\/pt\/marketing-digital-para-alojamento-local-os-7-passos-para-comecar\/\" \/>\n<meta property=\"og:locale\" content=\"pt_PT\" \/>\n<meta property=\"og:type\" content=\"article\" \/>\n<meta property=\"og:title\" content=\"Marketing Digital para Alojamento Local | MKT Hoteleiro\" \/>\n<meta property=\"og:description\" content=\"Na inovaT Consulting, oferecemos um conjunto de servi\u00e7os de marketing digital para alojamento local. Descobre como te podemos ajudar!\" \/>\n<meta property=\"og:url\" content=\"https:\/\/inovat-consulting.com\/pt\/marketing-digital-para-alojamento-local-os-7-passos-para-comecar\/\" \/>\n<meta property=\"og:site_name\" content=\"inovaT Consulting\" \/>\n<meta property=\"article:modified_time\" content=\"2024-05-21T15:43:55+00:00\" \/>\n<meta name=\"twitter:card\" content=\"summary_large_image\" \/>\n<meta name=\"twitter:label1\" content=\"Tempo estimado de leitura\" \/>\n\t<meta name=\"twitter:data1\" content=\"3 minutos\" \/>\n<script type=\"application\/ld+json\" class=\"yoast-schema-graph\">{\"@context\":\"https:\\\/\\\/schema.org\",\"@graph\":[{\"@type\":\"WebPage\",\"@id\":\"https:\\\/\\\/inovat-consulting.com\\\/marketing-digital-para-alojamento-local\\\/\",\"url\":\"https:\\\/\\\/inovat-consulting.com\\\/pt\\\/marketing-digital-para-alojamento-local-os-7-passos-para-comecar\\\/\",\"name\":\"Marketing Digital para Alojamento Local | MKT Hoteleiro\",\"isPartOf\":{\"@id\":\"https:\\\/\\\/inovat-consulting.com\\\/pt\\\/#website\"},\"datePublished\":\"2024-05-21T15:30:08+00:00\",\"dateModified\":\"2024-05-21T15:43:55+00:00\",\"description\":\"Na inovaT Consulting, oferecemos um conjunto de servi\u00e7os de marketing digital para alojamento local. Descobre como te podemos ajudar!\",\"breadcrumb\":{\"@id\":\"https:\\\/\\\/inovat-consulting.com\\\/pt\\\/marketing-digital-para-alojamento-local-os-7-passos-para-comecar\\\/#breadcrumb\"},\"inLanguage\":\"pt-PT\",\"potentialAction\":[{\"@type\":\"ReadAction\",\"target\":[\"https:\\\/\\\/inovat-consulting.com\\\/pt\\\/marketing-digital-para-alojamento-local-os-7-passos-para-comecar\\\/\"]}]},{\"@type\":\"BreadcrumbList\",\"@id\":\"https:\\\/\\\/inovat-consulting.com\\\/pt\\\/marketing-digital-para-alojamento-local-os-7-passos-para-comecar\\\/#breadcrumb\",\"itemListElement\":[{\"@type\":\"ListItem\",\"position\":1,\"name\":\"Home\",\"item\":\"https:\\\/\\\/inovat-consulting.com\\\/pt\\\/\"},{\"@type\":\"ListItem\",\"position\":2,\"name\":\"Marketing Digital para Alojamento Local\"}]},{\"@type\":\"WebSite\",\"@id\":\"https:\\\/\\\/inovat-consulting.com\\\/pt\\\/#website\",\"url\":\"https:\\\/\\\/inovat-consulting.com\\\/pt\\\/\",\"name\":\"inovaT Consulting\",\"description\":\"Consulting company for hotels and tourism sector PME&#039;s\",\"publisher\":{\"@id\":\"https:\\\/\\\/inovat-consulting.com\\\/pt\\\/#organization\"},\"potentialAction\":[{\"@type\":\"SearchAction\",\"target\":{\"@type\":\"EntryPoint\",\"urlTemplate\":\"https:\\\/\\\/inovat-consulting.com\\\/pt\\\/?s={search_term_string}\"},\"query-input\":{\"@type\":\"PropertyValueSpecification\",\"valueRequired\":true,\"valueName\":\"search_term_string\"}}],\"inLanguage\":\"pt-PT\"},{\"@type\":\"Organization\",\"@id\":\"https:\\\/\\\/inovat-consulting.com\\\/pt\\\/#organization\",\"name\":\"inovaT Consulting\",\"url\":\"https:\\\/\\\/inovat-consulting.com\\\/pt\\\/\",\"logo\":{\"@type\":\"ImageObject\",\"inLanguage\":\"pt-PT\",\"@id\":\"https:\\\/\\\/inovat-consulting.com\\\/pt\\\/#\\\/schema\\\/logo\\\/image\\\/\",\"url\":\"https:\\\/\\\/i0.wp.com\\\/inovat-consulting.com\\\/wp-content\\\/uploads\\\/2023\\\/11\\\/Imagem2.1.png?fit=271%2C125&ssl=1\",\"contentUrl\":\"https:\\\/\\\/i0.wp.com\\\/inovat-consulting.com\\\/wp-content\\\/uploads\\\/2023\\\/11\\\/Imagem2.1.png?fit=271%2C125&ssl=1\",\"width\":271,\"height\":125,\"caption\":\"inovaT Consulting\"},\"image\":{\"@id\":\"https:\\\/\\\/inovat-consulting.com\\\/pt\\\/#\\\/schema\\\/logo\\\/image\\\/\"}}]}<\/script>\n<!-- \/ Yoast SEO plugin. -->","yoast_head_json":{"title":"Marketing Digital para Alojamento Local | MKT Hoteleiro","description":"Na inovaT Consulting, oferecemos um conjunto de servi\u00e7os de marketing digital para alojamento local. Descobre como te podemos ajudar!","robots":{"index":"index","follow":"follow","max-snippet":"max-snippet:-1","max-image-preview":"max-image-preview:large","max-video-preview":"max-video-preview:-1"},"canonical":"https:\/\/inovat-consulting.com\/pt\/marketing-digital-para-alojamento-local-os-7-passos-para-comecar\/","og_locale":"pt_PT","og_type":"article","og_title":"Marketing Digital para Alojamento Local | MKT Hoteleiro","og_description":"Na inovaT Consulting, oferecemos um conjunto de servi\u00e7os de marketing digital para alojamento local. Descobre como te podemos ajudar!","og_url":"https:\/\/inovat-consulting.com\/pt\/marketing-digital-para-alojamento-local-os-7-passos-para-comecar\/","og_site_name":"inovaT Consulting","article_modified_time":"2024-05-21T15:43:55+00:00","twitter_card":"summary_large_image","twitter_misc":{"Tempo estimado de leitura":"3 minutos"},"schema":{"@context":"https:\/\/schema.org","@graph":[{"@type":"WebPage","@id":"https:\/\/inovat-consulting.com\/marketing-digital-para-alojamento-local\/","url":"https:\/\/inovat-consulting.com\/pt\/marketing-digital-para-alojamento-local-os-7-passos-para-comecar\/","name":"Marketing Digital para Alojamento Local | MKT Hoteleiro","isPartOf":{"@id":"https:\/\/inovat-consulting.com\/pt\/#website"},"datePublished":"2024-05-21T15:30:08+00:00","dateModified":"2024-05-21T15:43:55+00:00","description":"Na inovaT Consulting, oferecemos um conjunto de servi\u00e7os de marketing digital para alojamento local. Descobre como te podemos ajudar!","breadcrumb":{"@id":"https:\/\/inovat-consulting.com\/pt\/marketing-digital-para-alojamento-local-os-7-passos-para-comecar\/#breadcrumb"},"inLanguage":"pt-PT","potentialAction":[{"@type":"ReadAction","target":["https:\/\/inovat-consulting.com\/pt\/marketing-digital-para-alojamento-local-os-7-passos-para-comecar\/"]}]},{"@type":"BreadcrumbList","@id":"https:\/\/inovat-consulting.com\/pt\/marketing-digital-para-alojamento-local-os-7-passos-para-comecar\/#breadcrumb","itemListElement":[{"@type":"ListItem","position":1,"name":"Home","item":"https:\/\/inovat-consulting.com\/pt\/"},{"@type":"ListItem","position":2,"name":"Marketing Digital para Alojamento Local"}]},{"@type":"WebSite","@id":"https:\/\/inovat-consulting.com\/pt\/#website","url":"https:\/\/inovat-consulting.com\/pt\/","name":"inovaT Consulting","description":"Consulting company for hotels and tourism sector PME&#039;s","publisher":{"@id":"https:\/\/inovat-consulting.com\/pt\/#organization"},"potentialAction":[{"@type":"SearchAction","target":{"@type":"EntryPoint","urlTemplate":"https:\/\/inovat-consulting.com\/pt\/?s={search_term_string}"},"query-input":{"@type":"PropertyValueSpecification","valueRequired":true,"valueName":"search_term_string"}}],"inLanguage":"pt-PT"},{"@type":"Organization","@id":"https:\/\/inovat-consulting.com\/pt\/#organization","name":"inovaT Consulting","url":"https:\/\/inovat-consulting.com\/pt\/","logo":{"@type":"ImageObject","inLanguage":"pt-PT","@id":"https:\/\/inovat-consulting.com\/pt\/#\/schema\/logo\/image\/","url":"https:\/\/i0.wp.com\/inovat-consulting.com\/wp-content\/uploads\/2023\/11\/Imagem2.1.png?fit=271%2C125&ssl=1","contentUrl":"https:\/\/i0.wp.com\/inovat-consulting.com\/wp-content\/uploads\/2023\/11\/Imagem2.1.png?fit=271%2C125&ssl=1","width":271,"height":125,"caption":"inovaT Consulting"},"image":{"@id":"https:\/\/inovat-consulting.com\/pt\/#\/schema\/logo\/image\/"}}]}},"uagb_featured_image_src":{"full":false,"thumbnail":false,"medium":false,"medium_large":false,"large":false,"1536x1536":false,"2048x2048":false,"trp-custom-language-flag":false},"uagb_author_info":{"display_name":"admin","author_link":"https:\/\/inovat-consulting.com\/pt\/author\/admin\/"},"uagb_comment_info":0,"uagb_excerpt":"Marketing Digital para Alojamento Local O mercado de alojamento local (AL) em Portugal tem crescido de forma exponencial nos \u00faltimos [&hellip;]","jetpack_sharing_enabled":true,"_links":{"self":[{"href":"https:\/\/inovat-consulting.com\/pt\/wp-json\/wp\/v2\/pages\/3100","targetHints":{"allow":["GET"]}}],"collection":[{"href":"https:\/\/inovat-consulting.com\/pt\/wp-json\/wp\/v2\/pages"}],"about":[{"href":"https:\/\/inovat-consulting.com\/pt\/wp-json\/wp\/v2\/types\/page"}],"author":[{"embeddable":true,"href":"https:\/\/inovat-consulting.com\/pt\/wp-json\/wp\/v2\/users\/1"}],"replies":[{"embeddable":true,"href":"https:\/\/inovat-consulting.com\/pt\/wp-json\/wp\/v2\/comments?post=3100"}],"version-history":[{"count":4,"href":"https:\/\/inovat-consulting.com\/pt\/wp-json\/wp\/v2\/pages\/3100\/revisions"}],"predecessor-version":[{"id":3104,"href":"https:\/\/inovat-consulting.com\/pt\/wp-json\/wp\/v2\/pages\/3100\/revisions\/3104"}],"wp:attachment":[{"href":"https:\/\/inovat-consulting.com\/pt\/wp-json\/wp\/v2\/media?parent=3100"}],"curies":[{"name":"wp","href":"https:\/\/api.w.org\/{rel}","templated":true}]}}