{"id":3071,"date":"2024-05-07T17:39:46","date_gmt":"2024-05-07T16:39:46","guid":{"rendered":"https:\/\/inovat-consulting.com\/?page_id=3071"},"modified":"2024-05-07T17:48:00","modified_gmt":"2024-05-07T16:48:00","slug":"marketing-digital-para-restaurantes","status":"publish","type":"page","link":"https:\/\/inovat-consulting.com\/pt\/marketing-digital-para-restaurantes\/","title":{"rendered":"Marketing Digital para Restaurantes"},"content":{"rendered":"<div data-elementor-type=\"wp-page\" data-elementor-id=\"3071\" class=\"elementor elementor-3071\">\n\t\t\t\t<div class=\"elementor-element elementor-element-5474deb e-flex e-con-boxed e-con e-parent\" data-id=\"5474deb\" data-element_type=\"container\" data-e-type=\"container\">\n\t\t\t\t\t<div class=\"e-con-inner\">\n\t\t\t\t\t<\/div>\n\t\t\t\t<\/div>\n\t\t<div class=\"elementor-element elementor-element-81a10d5 e-flex e-con-boxed e-con e-parent\" data-id=\"81a10d5\" data-element_type=\"container\" data-e-type=\"container\">\n\t\t\t\t\t<div class=\"e-con-inner\">\n\t\t\t\t<div class=\"elementor-element elementor-element-8bb64e1 exad-sticky-section-no exad-glass-effect-no elementor-widget elementor-widget-heading\" data-id=\"8bb64e1\" data-element_type=\"widget\" data-e-type=\"widget\" data-widget_type=\"heading.default\">\n\t\t\t\t<div class=\"elementor-widget-container\">\n\t\t\t\t\t<h1 class=\"elementor-heading-title elementor-size-default\">Marketing Digital para restaurantes\n<\/h1>\t\t\t\t<\/div>\n\t\t\t\t<\/div>\n\t\t\t\t\t<\/div>\n\t\t\t\t<\/div>\n\t\t<div class=\"elementor-element elementor-element-4b85fbc e-flex e-con-boxed e-con e-parent\" data-id=\"4b85fbc\" data-element_type=\"container\" data-e-type=\"container\">\n\t\t\t\t\t<div class=\"e-con-inner\">\n\t\t\t\t<div class=\"elementor-element elementor-element-b0b75f4 exad-sticky-section-no exad-glass-effect-no elementor-widget elementor-widget-text-editor\" data-id=\"b0b75f4\" data-element_type=\"widget\" data-e-type=\"widget\" data-widget_type=\"text-editor.default\">\n\t\t\t\t<div class=\"elementor-widget-container\">\n\t\t\t\t\t\t\t\t\t<p><span style=\"font-weight: 400;\">Se \u00e9s propriet\u00e1rio de um restaurante, sabes que o sabor dos pratos \u00e9 fundamental para conquistar os clientes. Mas, nos dias de hoje, oferecer uma experi\u00eancia gastron\u00f3mica deliciosa n\u00e3o \u00e9 o suficiente para garantir o sucesso de um restaurante. \u00c9 aqui que entra o poder do <strong>marketing digital<\/strong>, uma ferramenta essencial para levar o teu neg\u00f3cio mais longe.<\/span><\/p><p><span style=\"font-weight: 400;\">Num mundo cada vez mais digital, a presen\u00e7a online tornou-se crucial para qualquer empresa, e os restaurantes n\u00e3o s\u00e3o exce\u00e7\u00e3o. O marketing digital n\u00e3o se trata apenas de ter um website e de partilhar alguns posts nas redes sociais. \u00c9 sobre criar uma <a href=\"https:\/\/inovat-consulting.com\/pt\/storytelling-na-hotelaria\/\" target=\"_blank\" rel=\"noopener\"><strong>estrat\u00e9gia online envolvente<\/strong><\/a> que atraia clientes e que os mantenha para voltarem para mais.<\/span><\/p>\t\t\t\t\t\t\t\t<\/div>\n\t\t\t\t<\/div>\n\t\t\t\t\t<\/div>\n\t\t\t\t<\/div>\n\t\t<div class=\"elementor-element elementor-element-68b614a e-flex e-con-boxed e-con e-parent\" data-id=\"68b614a\" data-element_type=\"container\" data-e-type=\"container\">\n\t\t\t\t\t<div class=\"e-con-inner\">\n\t\t\t\t<div class=\"elementor-element elementor-element-32155b6 exad-sticky-section-no exad-glass-effect-no elementor-widget elementor-widget-heading\" data-id=\"32155b6\" data-element_type=\"widget\" data-e-type=\"widget\" data-widget_type=\"heading.default\">\n\t\t\t\t<div class=\"elementor-widget-container\">\n\t\t\t\t\t<h2 class=\"elementor-heading-title elementor-size-default\">Porque \u00e9 que o Marketing Digital \u00e9 Importante para Restaurantes?<\/h2>\t\t\t\t<\/div>\n\t\t\t\t<\/div>\n\t\t\t\t\t<\/div>\n\t\t\t\t<\/div>\n\t\t<div class=\"elementor-element elementor-element-6d93cb2 e-flex e-con-boxed e-con e-parent\" data-id=\"6d93cb2\" data-element_type=\"container\" data-e-type=\"container\">\n\t\t\t\t\t<div class=\"e-con-inner\">\n\t\t\t\t<div class=\"elementor-element elementor-element-aef34d2 exad-sticky-section-no exad-glass-effect-no elementor-widget elementor-widget-text-editor\" data-id=\"aef34d2\" data-element_type=\"widget\" data-e-type=\"widget\" data-widget_type=\"text-editor.default\">\n\t\t\t\t<div class=\"elementor-widget-container\">\n\t\t\t\t\t\t\t\t\t<p><span style=\"font-weight: 400;\">Imagina este cen\u00e1rio: um potencial cliente passeia pela cidade e sente aquela fome repentina. Pega no telefone e come\u00e7a a pesquisar por restaurantes pr\u00f3ximos. Se o teu restaurante n\u00e3o aparecer nos resultados de pesquisa, \u00e9 como se ele nem existisse. <strong>O marketing digital coloca o teu neg\u00f3cio \u00e0 frente dos olhos dos consumidores no momento certo<\/strong>.<\/span><\/p><p><span style=\"font-weight: 400;\">Al\u00e9m disso, uma forte presen\u00e7a online ajuda a construir a reputa\u00e7\u00e3o do restaurante. As pessoas confiam nas avalia\u00e7\u00f5es e recomenda\u00e7\u00f5es online tanto quanto confiam nas sugest\u00f5es de amigos e familiares. Portanto, \u00e9 essencial ter uma <strong>presen\u00e7a positiva e ativa<\/strong> nas redes sociais e nos diversos sites de avalia\u00e7\u00e3o.<\/span><\/p>\t\t\t\t\t\t\t\t<\/div>\n\t\t\t\t<\/div>\n\t\t\t\t\t<\/div>\n\t\t\t\t<\/div>\n\t\t<div class=\"elementor-element elementor-element-3e2b308 e-flex e-con-boxed e-con e-parent\" data-id=\"3e2b308\" data-element_type=\"container\" data-e-type=\"container\">\n\t\t\t\t\t<div class=\"e-con-inner\">\n\t\t\t\t<div class=\"elementor-element elementor-element-4d55bd6 exad-sticky-section-no exad-glass-effect-no elementor-widget elementor-widget-heading\" data-id=\"4d55bd6\" data-element_type=\"widget\" data-e-type=\"widget\" data-widget_type=\"heading.default\">\n\t\t\t\t<div class=\"elementor-widget-container\">\n\t\t\t\t\t<h2 class=\"elementor-heading-title elementor-size-default\">Medidas para implementar marketing digital no teu Restaurante<\/h2>\t\t\t\t<\/div>\n\t\t\t\t<\/div>\n\t\t\t\t\t<\/div>\n\t\t\t\t<\/div>\n\t\t<div class=\"elementor-element elementor-element-ba8f634 e-flex e-con-boxed e-con e-parent\" data-id=\"ba8f634\" data-element_type=\"container\" data-e-type=\"container\">\n\t\t\t\t\t<div class=\"e-con-inner\">\n\t\t\t\t<div class=\"elementor-element elementor-element-babd125 exad-sticky-section-no exad-glass-effect-no elementor-widget elementor-widget-heading\" data-id=\"babd125\" data-element_type=\"widget\" data-e-type=\"widget\" data-widget_type=\"heading.default\">\n\t\t\t\t<div class=\"elementor-widget-container\">\n\t\t\t\t\t<h3 class=\"elementor-heading-title elementor-size-default\">Desenvolve um Website Profissional\n<\/h3>\t\t\t\t<\/div>\n\t\t\t\t<\/div>\n\t\t\t\t\t<\/div>\n\t\t\t\t<\/div>\n\t\t<div class=\"elementor-element elementor-element-8d5ae2a e-flex e-con-boxed e-con e-parent\" data-id=\"8d5ae2a\" data-element_type=\"container\" data-e-type=\"container\">\n\t\t\t\t\t<div class=\"e-con-inner\">\n\t\t\t\t<div class=\"elementor-element elementor-element-19d454b exad-sticky-section-no exad-glass-effect-no elementor-widget elementor-widget-text-editor\" data-id=\"19d454b\" data-element_type=\"widget\" data-e-type=\"widget\" data-widget_type=\"text-editor.default\">\n\t\t\t\t<div class=\"elementor-widget-container\">\n\t\t\t\t\t\t\t\t\t<p><span style=\"font-weight: 400;\">Um site bem projetado e f\u00e1cil de navegar \u00e9 o cart\u00e3o de visita do teu restaurante. Lembra-te que existem certas estrat\u00e9gias que podes implementar para melhorar a performance do teu website: SEO, Google Ads e at\u00e9 otimiza\u00e7\u00e3o para telem\u00f3veis.<\/span><\/p>\t\t\t\t\t\t\t\t<\/div>\n\t\t\t\t<\/div>\n\t\t\t\t\t<\/div>\n\t\t\t\t<\/div>\n\t\t<div class=\"elementor-element elementor-element-3cf0c01 e-flex e-con-boxed e-con e-parent\" data-id=\"3cf0c01\" data-element_type=\"container\" data-e-type=\"container\">\n\t\t\t\t\t<div class=\"e-con-inner\">\n\t\t\t\t<div class=\"elementor-element elementor-element-710a6fb exad-sticky-section-no exad-glass-effect-no elementor-widget elementor-widget-heading\" data-id=\"710a6fb\" data-element_type=\"widget\" data-e-type=\"widget\" data-widget_type=\"heading.default\">\n\t\t\t\t<div class=\"elementor-widget-container\">\n\t\t\t\t\t<h3 class=\"elementor-heading-title elementor-size-default\">Fortalece a Identidade Visual<\/h3>\t\t\t\t<\/div>\n\t\t\t\t<\/div>\n\t\t\t\t\t<\/div>\n\t\t\t\t<\/div>\n\t\t<div class=\"elementor-element elementor-element-7fe2d99 e-flex e-con-boxed e-con e-parent\" data-id=\"7fe2d99\" data-element_type=\"container\" data-e-type=\"container\">\n\t\t\t\t\t<div class=\"e-con-inner\">\n\t\t\t\t<div class=\"elementor-element elementor-element-f6159fc exad-sticky-section-no exad-glass-effect-no elementor-widget elementor-widget-text-editor\" data-id=\"f6159fc\" data-element_type=\"widget\" data-e-type=\"widget\" data-widget_type=\"text-editor.default\">\n\t\t\t\t<div class=\"elementor-widget-container\">\n\t\t\t\t\t\t\t\t\t<p><span style=\"font-weight: 400;\">O branding \u00e9 crucial para te destacares da concorr\u00eancia. Desde o logotipo at\u00e9 \u00e0 paleta de cores, cada detalhe conta. Investe numa branding forte e que represente os valores e hist\u00f3ria do teu neg\u00f3cio, algo que seja facilmente identific\u00e1vel como TEU!<\/span><\/p>\t\t\t\t\t\t\t\t<\/div>\n\t\t\t\t<\/div>\n\t\t\t\t\t<\/div>\n\t\t\t\t<\/div>\n\t\t<div class=\"elementor-element elementor-element-37f33dd e-flex e-con-boxed e-con e-parent\" data-id=\"37f33dd\" data-element_type=\"container\" data-e-type=\"container\">\n\t\t\t\t\t<div class=\"e-con-inner\">\n\t\t\t\t<div class=\"elementor-element elementor-element-f7e9026 exad-sticky-section-no exad-glass-effect-no elementor-widget elementor-widget-heading\" data-id=\"f7e9026\" data-element_type=\"widget\" data-e-type=\"widget\" data-widget_type=\"heading.default\">\n\t\t\t\t<div class=\"elementor-widget-container\">\n\t\t\t\t\t<h3 class=\"elementor-heading-title elementor-size-default\">Prioriza as Redes Sociais<\/h3>\t\t\t\t<\/div>\n\t\t\t\t<\/div>\n\t\t\t\t\t<\/div>\n\t\t\t\t<\/div>\n\t\t<div class=\"elementor-element elementor-element-7599253 e-flex e-con-boxed e-con e-parent\" data-id=\"7599253\" data-element_type=\"container\" data-e-type=\"container\">\n\t\t\t\t\t<div class=\"e-con-inner\">\n\t\t\t\t<div class=\"elementor-element elementor-element-2a26697 exad-sticky-section-no exad-glass-effect-no elementor-widget elementor-widget-text-editor\" data-id=\"2a26697\" data-element_type=\"widget\" data-e-type=\"widget\" data-widget_type=\"text-editor.default\">\n\t\t\t\t<div class=\"elementor-widget-container\">\n\t\t\t\t\t\t\t\t\t<p><span style=\"font-weight: 400;\">As redes sociais s\u00e3o uma ferramenta poderosa para te conectares com os clientes e promoveres o teu restaurante. Publicar fotos dos pratos, compartilhar hist\u00f3rias dos bastidores, apostar em parcerias com influencers e interagir com os seguidores ajuda a construir uma comunidade online fidelizada.<\/span><\/p>\t\t\t\t\t\t\t\t<\/div>\n\t\t\t\t<\/div>\n\t\t\t\t\t<\/div>\n\t\t\t\t<\/div>\n\t\t<div class=\"elementor-element elementor-element-6b0093d e-flex e-con-boxed e-con e-parent\" data-id=\"6b0093d\" data-element_type=\"container\" data-e-type=\"container\">\n\t\t\t\t\t<div class=\"e-con-inner\">\n\t\t\t\t<div class=\"elementor-element elementor-element-c660138 exad-sticky-section-no exad-glass-effect-no elementor-widget elementor-widget-heading\" data-id=\"c660138\" data-element_type=\"widget\" data-e-type=\"widget\" data-widget_type=\"heading.default\">\n\t\t\t\t<div class=\"elementor-widget-container\">\n\t\t\t\t\t<h2 class=\"elementor-heading-title elementor-size-default\">Come\u00e7a hoje a trabalhar a reputa\u00e7\u00e3o online do teu restaurante!<\/h2>\t\t\t\t<\/div>\n\t\t\t\t<\/div>\n\t\t\t\t\t<\/div>\n\t\t\t\t<\/div>\n\t\t<div class=\"elementor-element elementor-element-1d591ca e-flex e-con-boxed e-con e-parent\" data-id=\"1d591ca\" data-element_type=\"container\" data-e-type=\"container\">\n\t\t\t\t\t<div class=\"e-con-inner\">\n\t\t\t\t<div class=\"elementor-element elementor-element-1ca17a9 exad-sticky-section-no exad-glass-effect-no elementor-widget elementor-widget-text-editor\" data-id=\"1ca17a9\" data-element_type=\"widget\" data-e-type=\"widget\" data-widget_type=\"text-editor.default\">\n\t\t\t\t<div class=\"elementor-widget-container\">\n\t\t\t\t\t\t\t\t\t<p><span style=\"font-weight: 400;\">Na inovaT, oferecemos um pacote completo de servi\u00e7os de <a href=\"https:\/\/inovat-consulting.com\/pt\/servicos-de-marketing-hoteleiro-consultora-de-marketing-para-hoteis\/\" target=\"_blank\" rel=\"noopener\">marketing digital<\/a> para restaurantes, incluindo cria\u00e7\u00e3o de websites, branding personalizado e gest\u00e3o de redes sociais. A nossa equipa est\u00e1 aqui para o ajudar a implementar uma estrat\u00e9gia online capaz de atrair mais clientes e, acima de tudo, manter os que j\u00e1 existem!<\/span><\/p><p><span style=\"font-weight: 400;\">N\u00e3o deixes que o teu restaurante fique para tr\u00e1s na era digital. Entra em contato connosco atrav\u00e9s do n\u00famero <a href=\"tel:912 913 951\">+351 912 913 951<\/a> ou atrav\u00e9s do e-mail <a href=\"mailto:geral@inovat-consulting.com\">geral@inovat-consulting.com<\/a>.<\/span><\/p>\t\t\t\t\t\t\t\t<\/div>\n\t\t\t\t<\/div>\n\t\t\t\t\t<\/div>\n\t\t\t\t<\/div>\n\t\t\t\t<\/div>","protected":false},"excerpt":{"rendered":"<p>Marketing Digital para restaurantes Se \u00e9s propriet\u00e1rio de um restaurante, sabes que o sabor dos pratos \u00e9 fundamental para conquistar [&hellip;]<\/p>\n","protected":false},"author":1,"featured_media":0,"parent":0,"menu_order":0,"comment_status":"closed","ping_status":"closed","template":"","meta":{"om_disable_all_campaigns":false,"_uag_custom_page_level_css":"","site-sidebar-layout":"no-sidebar","site-content-layout":"page-builder","ast-site-content-layout":"full-width-container","site-content-style":"default","site-sidebar-style":"default","ast-global-header-display":"","ast-banner-title-visibility":"","ast-main-header-display":"","ast-hfb-above-header-display":"","ast-hfb-below-header-display":"","ast-hfb-mobile-header-display":"","site-post-title":"disabled","ast-breadcrumbs-content":"","ast-featured-img":"disabled","footer-sml-layout":"","ast-disable-related-posts":"","theme-transparent-header-meta":"","adv-header-id-meta":"","stick-header-meta":"","header-above-stick-meta":"","header-main-stick-meta":"","header-below-stick-meta":"","astra-migrate-meta-layouts":"set","ast-page-background-enabled":"default","ast-page-background-meta":{"desktop":{"background-color":"","background-image":"","background-repeat":"repeat","background-position":"center center","background-size":"auto","background-attachment":"scroll","background-type":"","background-media":"","overlay-type":"","overlay-color":"","overlay-opacity":"","overlay-gradient":""},"tablet":{"background-color":"","background-image":"","background-repeat":"repeat","background-position":"center center","background-size":"auto","background-attachment":"scroll","background-type":"","background-media":"","overlay-type":"","overlay-color":"","overlay-opacity":"","overlay-gradient":""},"mobile":{"background-color":"","background-image":"","background-repeat":"repeat","background-position":"center center","background-size":"auto","background-attachment":"scroll","background-type":"","background-media":"","overlay-type":"","overlay-color":"","overlay-opacity":"","overlay-gradient":""}},"ast-content-background-meta":{"desktop":{"background-color":"var(--ast-global-color-5)","background-image":"","background-repeat":"repeat","background-position":"center center","background-size":"auto","background-attachment":"scroll","background-type":"","background-media":"","overlay-type":"","overlay-color":"","overlay-opacity":"","overlay-gradient":""},"tablet":{"background-color":"var(--ast-global-color-5)","background-image":"","background-repeat":"repeat","background-position":"center center","background-size":"auto","background-attachment":"scroll","background-type":"","background-media":"","overlay-type":"","overlay-color":"","overlay-opacity":"","overlay-gradient":""},"mobile":{"background-color":"var(--ast-global-color-5)","background-image":"","background-repeat":"repeat","background-position":"center center","background-size":"auto","background-attachment":"scroll","background-type":"","background-media":"","overlay-type":"","overlay-color":"","overlay-opacity":"","overlay-gradient":""}},"footnotes":""},"class_list":["post-3071","page","type-page","status-publish","hentry"],"yoast_head":"<!-- This site is optimized with the Yoast SEO plugin v27.5 - https:\/\/yoast.com\/product\/yoast-seo-wordpress\/ -->\n<title>Marketing Digital para Restaurantes | Consultoria Hoteleira<\/title>\n<meta name=\"description\" content=\"Bem-vindos \u00e0 inovaT Consulting! Oferecemos um leque de servi\u00e7os de marketing especializados para hoteis, alojamentos locais e restaurantes.\" \/>\n<meta name=\"robots\" content=\"index, follow, max-snippet:-1, max-image-preview:large, max-video-preview:-1\" \/>\n<link rel=\"canonical\" href=\"https:\/\/inovat-consulting.com\/pt\/marketing-digital-para-restaurantes\/\" \/>\n<meta property=\"og:locale\" content=\"pt_PT\" \/>\n<meta property=\"og:type\" content=\"article\" \/>\n<meta property=\"og:title\" content=\"Marketing Digital para Restaurantes | Consultoria Hoteleira\" \/>\n<meta property=\"og:description\" content=\"Bem-vindos \u00e0 inovaT Consulting! Oferecemos um leque de servi\u00e7os de marketing especializados para hoteis, alojamentos locais e restaurantes.\" \/>\n<meta property=\"og:url\" content=\"https:\/\/inovat-consulting.com\/pt\/marketing-digital-para-restaurantes\/\" \/>\n<meta property=\"og:site_name\" content=\"inovaT Consulting\" \/>\n<meta property=\"article:modified_time\" content=\"2024-05-07T16:48:00+00:00\" \/>\n<meta name=\"twitter:card\" content=\"summary_large_image\" \/>\n<meta name=\"twitter:label1\" content=\"Tempo estimado de leitura\" \/>\n\t<meta name=\"twitter:data1\" content=\"3 minutos\" \/>\n<script type=\"application\/ld+json\" class=\"yoast-schema-graph\">{\"@context\":\"https:\\\/\\\/schema.org\",\"@graph\":[{\"@type\":\"WebPage\",\"@id\":\"https:\\\/\\\/inovat-consulting.com\\\/marketing-digital-para-restaurantes\\\/\",\"url\":\"https:\\\/\\\/inovat-consulting.com\\\/marketing-digital-para-restaurantes\\\/\",\"name\":\"Marketing Digital para Restaurantes | Consultoria Hoteleira\",\"isPartOf\":{\"@id\":\"https:\\\/\\\/inovat-consulting.com\\\/pt\\\/#website\"},\"datePublished\":\"2024-05-07T16:39:46+00:00\",\"dateModified\":\"2024-05-07T16:48:00+00:00\",\"description\":\"Bem-vindos \u00e0 inovaT Consulting! Oferecemos um leque de servi\u00e7os de marketing especializados para hoteis, alojamentos locais e restaurantes.\",\"breadcrumb\":{\"@id\":\"https:\\\/\\\/inovat-consulting.com\\\/marketing-digital-para-restaurantes\\\/#breadcrumb\"},\"inLanguage\":\"pt-PT\",\"potentialAction\":[{\"@type\":\"ReadAction\",\"target\":[\"https:\\\/\\\/inovat-consulting.com\\\/marketing-digital-para-restaurantes\\\/\"]}]},{\"@type\":\"BreadcrumbList\",\"@id\":\"https:\\\/\\\/inovat-consulting.com\\\/marketing-digital-para-restaurantes\\\/#breadcrumb\",\"itemListElement\":[{\"@type\":\"ListItem\",\"position\":1,\"name\":\"Home\",\"item\":\"https:\\\/\\\/inovat-consulting.com\\\/pt\\\/\"},{\"@type\":\"ListItem\",\"position\":2,\"name\":\"Marketing Digital para Restaurantes\"}]},{\"@type\":\"WebSite\",\"@id\":\"https:\\\/\\\/inovat-consulting.com\\\/pt\\\/#website\",\"url\":\"https:\\\/\\\/inovat-consulting.com\\\/pt\\\/\",\"name\":\"inovaT Consulting\",\"description\":\"Consulting company for hotels and tourism sector PME&#039;s\",\"publisher\":{\"@id\":\"https:\\\/\\\/inovat-consulting.com\\\/pt\\\/#organization\"},\"potentialAction\":[{\"@type\":\"SearchAction\",\"target\":{\"@type\":\"EntryPoint\",\"urlTemplate\":\"https:\\\/\\\/inovat-consulting.com\\\/pt\\\/?s={search_term_string}\"},\"query-input\":{\"@type\":\"PropertyValueSpecification\",\"valueRequired\":true,\"valueName\":\"search_term_string\"}}],\"inLanguage\":\"pt-PT\"},{\"@type\":\"Organization\",\"@id\":\"https:\\\/\\\/inovat-consulting.com\\\/pt\\\/#organization\",\"name\":\"inovaT Consulting\",\"url\":\"https:\\\/\\\/inovat-consulting.com\\\/pt\\\/\",\"logo\":{\"@type\":\"ImageObject\",\"inLanguage\":\"pt-PT\",\"@id\":\"https:\\\/\\\/inovat-consulting.com\\\/pt\\\/#\\\/schema\\\/logo\\\/image\\\/\",\"url\":\"https:\\\/\\\/i0.wp.com\\\/inovat-consulting.com\\\/wp-content\\\/uploads\\\/2023\\\/11\\\/Imagem2.1.png?fit=271%2C125&ssl=1\",\"contentUrl\":\"https:\\\/\\\/i0.wp.com\\\/inovat-consulting.com\\\/wp-content\\\/uploads\\\/2023\\\/11\\\/Imagem2.1.png?fit=271%2C125&ssl=1\",\"width\":271,\"height\":125,\"caption\":\"inovaT Consulting\"},\"image\":{\"@id\":\"https:\\\/\\\/inovat-consulting.com\\\/pt\\\/#\\\/schema\\\/logo\\\/image\\\/\"}}]}<\/script>\n<!-- \/ Yoast SEO plugin. -->","yoast_head_json":{"title":"Marketing Digital para Restaurantes | Consultoria Hoteleira","description":"Bem-vindos \u00e0 inovaT Consulting! Oferecemos um leque de servi\u00e7os de marketing especializados para hoteis, alojamentos locais e restaurantes.","robots":{"index":"index","follow":"follow","max-snippet":"max-snippet:-1","max-image-preview":"max-image-preview:large","max-video-preview":"max-video-preview:-1"},"canonical":"https:\/\/inovat-consulting.com\/pt\/marketing-digital-para-restaurantes\/","og_locale":"pt_PT","og_type":"article","og_title":"Marketing Digital para Restaurantes | Consultoria Hoteleira","og_description":"Bem-vindos \u00e0 inovaT Consulting! Oferecemos um leque de servi\u00e7os de marketing especializados para hoteis, alojamentos locais e restaurantes.","og_url":"https:\/\/inovat-consulting.com\/pt\/marketing-digital-para-restaurantes\/","og_site_name":"inovaT Consulting","article_modified_time":"2024-05-07T16:48:00+00:00","twitter_card":"summary_large_image","twitter_misc":{"Tempo estimado de leitura":"3 minutos"},"schema":{"@context":"https:\/\/schema.org","@graph":[{"@type":"WebPage","@id":"https:\/\/inovat-consulting.com\/marketing-digital-para-restaurantes\/","url":"https:\/\/inovat-consulting.com\/marketing-digital-para-restaurantes\/","name":"Marketing Digital para Restaurantes | Consultoria Hoteleira","isPartOf":{"@id":"https:\/\/inovat-consulting.com\/pt\/#website"},"datePublished":"2024-05-07T16:39:46+00:00","dateModified":"2024-05-07T16:48:00+00:00","description":"Bem-vindos \u00e0 inovaT Consulting! Oferecemos um leque de servi\u00e7os de marketing especializados para hoteis, alojamentos locais e restaurantes.","breadcrumb":{"@id":"https:\/\/inovat-consulting.com\/marketing-digital-para-restaurantes\/#breadcrumb"},"inLanguage":"pt-PT","potentialAction":[{"@type":"ReadAction","target":["https:\/\/inovat-consulting.com\/marketing-digital-para-restaurantes\/"]}]},{"@type":"BreadcrumbList","@id":"https:\/\/inovat-consulting.com\/marketing-digital-para-restaurantes\/#breadcrumb","itemListElement":[{"@type":"ListItem","position":1,"name":"Home","item":"https:\/\/inovat-consulting.com\/pt\/"},{"@type":"ListItem","position":2,"name":"Marketing Digital para Restaurantes"}]},{"@type":"WebSite","@id":"https:\/\/inovat-consulting.com\/pt\/#website","url":"https:\/\/inovat-consulting.com\/pt\/","name":"inovaT Consulting","description":"Consulting company for hotels and tourism sector PME&#039;s","publisher":{"@id":"https:\/\/inovat-consulting.com\/pt\/#organization"},"potentialAction":[{"@type":"SearchAction","target":{"@type":"EntryPoint","urlTemplate":"https:\/\/inovat-consulting.com\/pt\/?s={search_term_string}"},"query-input":{"@type":"PropertyValueSpecification","valueRequired":true,"valueName":"search_term_string"}}],"inLanguage":"pt-PT"},{"@type":"Organization","@id":"https:\/\/inovat-consulting.com\/pt\/#organization","name":"inovaT Consulting","url":"https:\/\/inovat-consulting.com\/pt\/","logo":{"@type":"ImageObject","inLanguage":"pt-PT","@id":"https:\/\/inovat-consulting.com\/pt\/#\/schema\/logo\/image\/","url":"https:\/\/i0.wp.com\/inovat-consulting.com\/wp-content\/uploads\/2023\/11\/Imagem2.1.png?fit=271%2C125&ssl=1","contentUrl":"https:\/\/i0.wp.com\/inovat-consulting.com\/wp-content\/uploads\/2023\/11\/Imagem2.1.png?fit=271%2C125&ssl=1","width":271,"height":125,"caption":"inovaT Consulting"},"image":{"@id":"https:\/\/inovat-consulting.com\/pt\/#\/schema\/logo\/image\/"}}]}},"uagb_featured_image_src":{"full":false,"thumbnail":false,"medium":false,"medium_large":false,"large":false,"1536x1536":false,"2048x2048":false,"trp-custom-language-flag":false},"uagb_author_info":{"display_name":"admin","author_link":"https:\/\/inovat-consulting.com\/pt\/author\/admin\/"},"uagb_comment_info":0,"uagb_excerpt":"Marketing Digital para restaurantes Se \u00e9s propriet\u00e1rio de um restaurante, sabes que o sabor dos pratos \u00e9 fundamental para conquistar [&hellip;]","jetpack_sharing_enabled":true,"_links":{"self":[{"href":"https:\/\/inovat-consulting.com\/pt\/wp-json\/wp\/v2\/pages\/3071","targetHints":{"allow":["GET"]}}],"collection":[{"href":"https:\/\/inovat-consulting.com\/pt\/wp-json\/wp\/v2\/pages"}],"about":[{"href":"https:\/\/inovat-consulting.com\/pt\/wp-json\/wp\/v2\/types\/page"}],"author":[{"embeddable":true,"href":"https:\/\/inovat-consulting.com\/pt\/wp-json\/wp\/v2\/users\/1"}],"replies":[{"embeddable":true,"href":"https:\/\/inovat-consulting.com\/pt\/wp-json\/wp\/v2\/comments?post=3071"}],"version-history":[{"count":8,"href":"https:\/\/inovat-consulting.com\/pt\/wp-json\/wp\/v2\/pages\/3071\/revisions"}],"predecessor-version":[{"id":3084,"href":"https:\/\/inovat-consulting.com\/pt\/wp-json\/wp\/v2\/pages\/3071\/revisions\/3084"}],"wp:attachment":[{"href":"https:\/\/inovat-consulting.com\/pt\/wp-json\/wp\/v2\/media?parent=3071"}],"curies":[{"name":"wp","href":"https:\/\/api.w.org\/{rel}","templated":true}]}}