{"id":2045,"date":"2023-11-21T21:28:18","date_gmt":"2023-11-21T21:28:18","guid":{"rendered":"https:\/\/inovat-consulting.com\/?page_id=2045"},"modified":"2024-05-16T11:34:59","modified_gmt":"2024-05-16T10:34:59","slug":"2045-2","status":"publish","type":"page","link":"https:\/\/inovat-consulting.com\/pt\/2045-2\/","title":{"rendered":"Equipa"},"content":{"rendered":"<div data-elementor-type=\"wp-page\" data-elementor-id=\"2045\" class=\"elementor elementor-2045\">\n\t\t\t\t<div class=\"elementor-element elementor-element-gpemt21 e-flex e-con-boxed e-con e-parent\" data-id=\"gpemt21\" data-element_type=\"container\" data-e-type=\"container\" data-settings=\"{&quot;background_background&quot;:&quot;classic&quot;}\">\n\t\t\t\t\t<div class=\"e-con-inner\">\n\t\t<div class=\"elementor-element elementor-element-341f31e e-con-full e-flex e-con e-child\" data-id=\"341f31e\" data-element_type=\"container\" data-e-type=\"container\">\n\t\t\t\t<div class=\"elementor-element elementor-element-c607c23 exad-sticky-section-no exad-glass-effect-no elementor-widget elementor-widget-heading\" data-id=\"c607c23\" data-element_type=\"widget\" data-e-type=\"widget\" data-widget_type=\"heading.default\">\n\t\t\t\t<div class=\"elementor-widget-container\">\n\t\t\t\t\t<h1 class=\"elementor-heading-title elementor-size-default\">Equipa<\/h1>\t\t\t\t<\/div>\n\t\t\t\t<\/div>\n\t\t\t\t<\/div>\n\t\t\t\t\t<\/div>\n\t\t\t\t<\/div>\n\t\t\t\t<section class=\"elementor-section elementor-top-section elementor-element elementor-element-0wxwlhk elementor-section-boxed elementor-section-height-default elementor-section-height-default exad-glass-effect-no exad-sticky-section-no\" data-id=\"0wxwlhk\" data-element_type=\"section\" data-e-type=\"section\" data-settings=\"{&quot;background_background&quot;:&quot;classic&quot;}\">\n\t\t\t\t\t\t<div class=\"elementor-container elementor-column-gap-no\">\n\t\t\t\t\t<div class=\"elementor-column elementor-col-100 elementor-top-column elementor-element elementor-element-bbd983e exad-glass-effect-no exad-sticky-section-no\" data-id=\"bbd983e\" data-element_type=\"column\" data-e-type=\"column\">\n\t\t\t<div class=\"elementor-widget-wrap elementor-element-populated\">\n\t\t\t\t\t\t<section class=\"elementor-section elementor-inner-section elementor-element elementor-element-6db40a9 elementor-section-boxed elementor-section-height-default elementor-section-height-default exad-glass-effect-no exad-sticky-section-no\" data-id=\"6db40a9\" data-element_type=\"section\" data-e-type=\"section\">\n\t\t\t\t\t\t<div class=\"elementor-container elementor-column-gap-no\">\n\t\t\t\t\t<div class=\"elementor-column elementor-col-100 elementor-inner-column elementor-element elementor-element-0e904db exad-glass-effect-no exad-sticky-section-no\" data-id=\"0e904db\" data-element_type=\"column\" data-e-type=\"column\">\n\t\t\t<div class=\"elementor-widget-wrap elementor-element-populated\">\n\t\t\t\t\t\t<div class=\"elementor-element elementor-element-97e7a7e exad-sticky-section-no exad-glass-effect-no elementor-widget elementor-widget-heading\" data-id=\"97e7a7e\" data-element_type=\"widget\" data-e-type=\"widget\" data-widget_type=\"heading.default\">\n\t\t\t\t<div class=\"elementor-widget-container\">\n\t\t\t\t\t<h2 class=\"elementor-heading-title elementor-size-default\">A nossa equipa!<\/h2>\t\t\t\t<\/div>\n\t\t\t\t<\/div>\n\t\t\t\t\t<\/div>\n\t\t<\/div>\n\t\t\t\t\t<\/div>\n\t\t<\/section>\n\t\t\t\t<section class=\"elementor-section elementor-inner-section elementor-element elementor-element-1556b72 elementor-section-content-middle elementor-section-boxed elementor-section-height-default elementor-section-height-default exad-glass-effect-no exad-sticky-section-no\" data-id=\"1556b72\" data-element_type=\"section\" data-e-type=\"section\">\n\t\t\t\t\t\t<div class=\"elementor-container elementor-column-gap-no\">\n\t\t\t\t\t<div class=\"elementor-column elementor-col-50 elementor-inner-column elementor-element elementor-element-c0c3a18 exad-glass-effect-no exad-sticky-section-no\" data-id=\"c0c3a18\" data-element_type=\"column\" data-e-type=\"column\" data-settings=\"{&quot;background_background&quot;:&quot;classic&quot;}\">\n\t\t\t<div class=\"elementor-widget-wrap elementor-element-populated\">\n\t\t\t\t\t\t<div class=\"elementor-element elementor-element-9639278 elementor-position-top exad-sticky-section-no exad-glass-effect-no elementor-widget elementor-widget-image-box\" data-id=\"9639278\" data-element_type=\"widget\" data-e-type=\"widget\" data-widget_type=\"image-box.default\">\n\t\t\t\t<div class=\"elementor-widget-container\">\n\t\t\t\t\t<div class=\"elementor-image-box-wrapper\"><figure class=\"elementor-image-box-img\"><img fetchpriority=\"high\" decoding=\"async\" width=\"519\" height=\"520\" src=\"https:\/\/i0.wp.com\/inovat-consulting.com\/wp-content\/uploads\/2023\/11\/Equipa-2.jpg?fit=519%2C520&amp;ssl=1\" class=\"attachment-full size-full wp-image-2450\" alt=\"\" srcset=\"https:\/\/i0.wp.com\/inovat-consulting.com\/wp-content\/uploads\/2023\/11\/Equipa-2.jpg?w=519&amp;ssl=1 519w, https:\/\/i0.wp.com\/inovat-consulting.com\/wp-content\/uploads\/2023\/11\/Equipa-2.jpg?resize=300%2C300&amp;ssl=1 300w, https:\/\/i0.wp.com\/inovat-consulting.com\/wp-content\/uploads\/2023\/11\/Equipa-2.jpg?resize=150%2C150&amp;ssl=1 150w, https:\/\/i0.wp.com\/inovat-consulting.com\/wp-content\/uploads\/2023\/11\/Equipa-2.jpg?w=200&amp;ssl=1 200w\" sizes=\"(max-width: 519px) 100vw, 519px\" \/><\/figure><div class=\"elementor-image-box-content\"><h5 class=\"elementor-image-box-title\">Pedro Gomes<\/h5><p class=\"elementor-image-box-description\">CEO &amp; Co-Founder <\/p><\/div><\/div>\t\t\t\t<\/div>\n\t\t\t\t<\/div>\n\t\t\t\t<div class=\"elementor-element elementor-element-a6d8a90 elementor-shape-rounded elementor-grid-0 e-grid-align-center exad-sticky-section-no exad-glass-effect-no elementor-widget elementor-widget-social-icons\" data-id=\"a6d8a90\" data-element_type=\"widget\" data-e-type=\"widget\" data-widget_type=\"social-icons.default\">\n\t\t\t\t<div class=\"elementor-widget-container\">\n\t\t\t\t\t\t\t<div class=\"elementor-social-icons-wrapper elementor-grid\" role=\"list\">\n\t\t\t\t\t\t\t<span class=\"elementor-grid-item\" role=\"listitem\">\n\t\t\t\t\t<a class=\"elementor-icon elementor-social-icon elementor-social-icon-linkedin elementor-repeater-item-a3c239a\" href=\"https:\/\/www.linkedin.com\/in\/pedro-gomes4405\/\" target=\"_blank\">\n\t\t\t\t\t\t<span class=\"elementor-screen-only\">Linkedin<\/span>\n\t\t\t\t\t\t<svg aria-hidden=\"true\" class=\"e-font-icon-svg e-fab-linkedin\" viewbox=\"0 0 448 512\" xmlns=\"http:\/\/www.w3.org\/2000\/svg\"><path d=\"M416 32H31.9C14.3 32 0 46.5 0 64.3v383.4C0 465.5 14.3 480 31.9 480H416c17.6 0 32-14.5 32-32.3V64.3c0-17.8-14.4-32.3-32-32.3zM135.4 416H69V202.2h66.5V416zm-33.2-243c-21.3 0-38.5-17.3-38.5-38.5S80.9 96 102.2 96c21.2 0 38.5 17.3 38.5 38.5 0 21.3-17.2 38.5-38.5 38.5zm282.1 243h-66.4V312c0-24.8-.5-56.7-34.5-56.7-34.6 0-39.9 27-39.9 54.9V416h-66.4V202.2h63.7v29.2h.9c8.9-16.8 30.6-34.5 62.9-34.5 67.2 0 79.7 44.3 79.7 101.9V416z\"><\/path><\/svg>\t\t\t\t\t<\/a>\n\t\t\t\t<\/span>\n\t\t\t\t\t\t\t<span class=\"elementor-grid-item\" role=\"listitem\">\n\t\t\t\t\t<a class=\"elementor-icon elementor-social-icon elementor-social-icon-envelope elementor-repeater-item-c3f6ce5\" href=\"mailto:pedrogomes@inovat-consulting.com\" target=\"_blank\">\n\t\t\t\t\t\t<span class=\"elementor-screen-only\">Envelope<\/span>\n\t\t\t\t\t\t<svg aria-hidden=\"true\" class=\"e-font-icon-svg e-fas-envelope\" viewbox=\"0 0 512 512\" xmlns=\"http:\/\/www.w3.org\/2000\/svg\"><path d=\"M502.3 190.8c3.9-3.1 9.7-.2 9.7 4.7V400c0 26.5-21.5 48-48 48H48c-26.5 0-48-21.5-48-48V195.6c0-5 5.7-7.8 9.7-4.7 22.4 17.4 52.1 39.5 154.1 113.6 21.1 15.4 56.7 47.8 92.2 47.6 35.7.3 72-32.8 92.3-47.6 102-74.1 131.6-96.3 154-113.7zM256 320c23.2.4 56.6-29.2 73.4-41.4 132.7-96.3 142.8-104.7 173.4-128.7 5.8-4.5 9.2-11.5 9.2-18.9v-19c0-26.5-21.5-48-48-48H48C21.5 64 0 85.5 0 112v19c0 7.4 3.4 14.3 9.2 18.9 30.6 23.9 40.7 32.4 173.4 128.7 16.8 12.2 50.2 41.8 73.4 41.4z\"><\/path><\/svg>\t\t\t\t\t<\/a>\n\t\t\t\t<\/span>\n\t\t\t\t\t<\/div>\n\t\t\t\t\t\t<\/div>\n\t\t\t\t<\/div>\n\t\t\t\t\t<\/div>\n\t\t<\/div>\n\t\t\t\t<div class=\"elementor-column elementor-col-50 elementor-inner-column elementor-element elementor-element-be62a1f exad-glass-effect-no exad-sticky-section-no\" data-id=\"be62a1f\" data-element_type=\"column\" data-e-type=\"column\" data-settings=\"{&quot;background_background&quot;:&quot;classic&quot;}\">\n\t\t\t<div class=\"elementor-widget-wrap elementor-element-populated\">\n\t\t\t\t\t\t<div class=\"elementor-element elementor-element-e2ab228 elementor-position-top exad-sticky-section-no exad-glass-effect-no elementor-widget elementor-widget-image-box\" data-id=\"e2ab228\" data-element_type=\"widget\" data-e-type=\"widget\" data-widget_type=\"image-box.default\">\n\t\t\t\t<div class=\"elementor-widget-container\">\n\t\t\t\t\t<div class=\"elementor-image-box-wrapper\"><figure class=\"elementor-image-box-img\"><img decoding=\"async\" width=\"494\" height=\"528\" src=\"https:\/\/i0.wp.com\/inovat-consulting.com\/wp-content\/uploads\/2024\/02\/Mariana-Lacerda.jpg?fit=494%2C528&amp;ssl=1\" class=\"attachment-full size-full wp-image-2709\" alt=\"Mariana Lacerda | inovaT Consulting\" srcset=\"https:\/\/i0.wp.com\/inovat-consulting.com\/wp-content\/uploads\/2024\/02\/Mariana-Lacerda.jpg?w=494&amp;ssl=1 494w, https:\/\/i0.wp.com\/inovat-consulting.com\/wp-content\/uploads\/2024\/02\/Mariana-Lacerda.jpg?resize=281%2C300&amp;ssl=1 281w, https:\/\/i0.wp.com\/inovat-consulting.com\/wp-content\/uploads\/2024\/02\/Mariana-Lacerda.jpg?resize=11%2C12&amp;ssl=1 11w\" sizes=\"(max-width: 494px) 100vw, 494px\" \/><\/figure><div class=\"elementor-image-box-content\"><h5 class=\"elementor-image-box-title\">Mariana Lacerda<\/h5><p class=\"elementor-image-box-description\">COO &amp; CO-Founder<\/p><\/div><\/div>\t\t\t\t<\/div>\n\t\t\t\t<\/div>\n\t\t\t\t<div class=\"elementor-element elementor-element-f8d6069 elementor-shape-rounded elementor-grid-0 e-grid-align-center exad-sticky-section-no exad-glass-effect-no elementor-widget elementor-widget-social-icons\" data-id=\"f8d6069\" data-element_type=\"widget\" data-e-type=\"widget\" data-widget_type=\"social-icons.default\">\n\t\t\t\t<div class=\"elementor-widget-container\">\n\t\t\t\t\t\t\t<div class=\"elementor-social-icons-wrapper elementor-grid\" role=\"list\">\n\t\t\t\t\t\t\t<span class=\"elementor-grid-item\" role=\"listitem\">\n\t\t\t\t\t<a class=\"elementor-icon elementor-social-icon elementor-social-icon-linkedin elementor-repeater-item-a3c239a\" href=\"https:\/\/www.linkedin.com\/in\/mariana-lacerda-760b77112\/\" target=\"_blank\">\n\t\t\t\t\t\t<span class=\"elementor-screen-only\">Linkedin<\/span>\n\t\t\t\t\t\t<svg aria-hidden=\"true\" class=\"e-font-icon-svg e-fab-linkedin\" viewbox=\"0 0 448 512\" xmlns=\"http:\/\/www.w3.org\/2000\/svg\"><path d=\"M416 32H31.9C14.3 32 0 46.5 0 64.3v383.4C0 465.5 14.3 480 31.9 480H416c17.6 0 32-14.5 32-32.3V64.3c0-17.8-14.4-32.3-32-32.3zM135.4 416H69V202.2h66.5V416zm-33.2-243c-21.3 0-38.5-17.3-38.5-38.5S80.9 96 102.2 96c21.2 0 38.5 17.3 38.5 38.5 0 21.3-17.2 38.5-38.5 38.5zm282.1 243h-66.4V312c0-24.8-.5-56.7-34.5-56.7-34.6 0-39.9 27-39.9 54.9V416h-66.4V202.2h63.7v29.2h.9c8.9-16.8 30.6-34.5 62.9-34.5 67.2 0 79.7 44.3 79.7 101.9V416z\"><\/path><\/svg>\t\t\t\t\t<\/a>\n\t\t\t\t<\/span>\n\t\t\t\t\t\t\t<span class=\"elementor-grid-item\" role=\"listitem\">\n\t\t\t\t\t<a class=\"elementor-icon elementor-social-icon elementor-social-icon-envelope elementor-repeater-item-11b5c9b\" href=\"mailto:marianalacerda@inovat-consulting.com\" target=\"_blank\">\n\t\t\t\t\t\t<span class=\"elementor-screen-only\">Envelope<\/span>\n\t\t\t\t\t\t<svg aria-hidden=\"true\" class=\"e-font-icon-svg e-fas-envelope\" viewbox=\"0 0 512 512\" xmlns=\"http:\/\/www.w3.org\/2000\/svg\"><path d=\"M502.3 190.8c3.9-3.1 9.7-.2 9.7 4.7V400c0 26.5-21.5 48-48 48H48c-26.5 0-48-21.5-48-48V195.6c0-5 5.7-7.8 9.7-4.7 22.4 17.4 52.1 39.5 154.1 113.6 21.1 15.4 56.7 47.8 92.2 47.6 35.7.3 72-32.8 92.3-47.6 102-74.1 131.6-96.3 154-113.7zM256 320c23.2.4 56.6-29.2 73.4-41.4 132.7-96.3 142.8-104.7 173.4-128.7 5.8-4.5 9.2-11.5 9.2-18.9v-19c0-26.5-21.5-48-48-48H48C21.5 64 0 85.5 0 112v19c0 7.4 3.4 14.3 9.2 18.9 30.6 23.9 40.7 32.4 173.4 128.7 16.8 12.2 50.2 41.8 73.4 41.4z\"><\/path><\/svg>\t\t\t\t\t<\/a>\n\t\t\t\t<\/span>\n\t\t\t\t\t<\/div>\n\t\t\t\t\t\t<\/div>\n\t\t\t\t<\/div>\n\t\t\t\t\t<\/div>\n\t\t<\/div>\n\t\t\t\t\t<\/div>\n\t\t<\/section>\n\t\t\t\t\t<\/div>\n\t\t<\/div>\n\t\t\t\t\t<\/div>\n\t\t<\/section>\n\t\t\t\t<\/div>","protected":false},"excerpt":{"rendered":"<p>TEAM MEET OUR TEAM!\u200b Pedro Gomes CEO &#038; Co-Founder Linkedin Envelope Mariana Lacerda COO &amp; CO-Founder Linkedin Envelope<\/p>","protected":false},"author":1,"featured_media":0,"parent":0,"menu_order":0,"comment_status":"closed","ping_status":"closed","template":"","meta":{"om_disable_all_campaigns":false,"_uag_custom_page_level_css":"","site-sidebar-layout":"no-sidebar","site-content-layout":"","ast-site-content-layout":"full-width-container","site-content-style":"unboxed","site-sidebar-style":"default","ast-global-header-display":"","ast-banner-title-visibility":"","ast-main-header-display":"","ast-hfb-above-header-display":"","ast-hfb-below-header-display":"","ast-hfb-mobile-header-display":"","site-post-title":"disabled","ast-breadcrumbs-content":"","ast-featured-img":"","footer-sml-layout":"","ast-disable-related-posts":"","theme-transparent-header-meta":"","adv-header-id-meta":"","stick-header-meta":"","header-above-stick-meta":"","header-main-stick-meta":"","header-below-stick-meta":"","astra-migrate-meta-layouts":"set","ast-page-background-enabled":"default","ast-page-background-meta":{"desktop":{"background-color":"","background-image":"","background-repeat":"repeat","background-position":"center center","background-size":"auto","background-attachment":"scroll","background-type":"","background-media":"","overlay-type":"","overlay-color":"","overlay-opacity":"","overlay-gradient":""},"tablet":{"background-color":"","background-image":"","background-repeat":"repeat","background-position":"center center","background-size":"auto","background-attachment":"scroll","background-type":"","background-media":"","overlay-type":"","overlay-color":"","overlay-opacity":"","overlay-gradient":""},"mobile":{"background-color":"","background-image":"","background-repeat":"repeat","background-position":"center center","background-size":"auto","background-attachment":"scroll","background-type":"","background-media":"","overlay-type":"","overlay-color":"","overlay-opacity":"","overlay-gradient":""}},"ast-content-background-meta":{"desktop":{"background-color":"var(--ast-global-color-5)","background-image":"","background-repeat":"repeat","background-position":"center center","background-size":"auto","background-attachment":"scroll","background-type":"","background-media":"","overlay-type":"","overlay-color":"","overlay-opacity":"","overlay-gradient":""},"tablet":{"background-color":"var(--ast-global-color-5)","background-image":"","background-repeat":"repeat","background-position":"center center","background-size":"auto","background-attachment":"scroll","background-type":"","background-media":"","overlay-type":"","overlay-color":"","overlay-opacity":"","overlay-gradient":""},"mobile":{"background-color":"var(--ast-global-color-5)","background-image":"","background-repeat":"repeat","background-position":"center center","background-size":"auto","background-attachment":"scroll","background-type":"","background-media":"","overlay-type":"","overlay-color":"","overlay-opacity":"","overlay-gradient":""}},"footnotes":""},"class_list":["post-2045","page","type-page","status-publish","hentry"],"yoast_head":"<!-- This site is optimized with the Yoast SEO plugin v27.5 - https:\/\/yoast.com\/product\/yoast-seo-wordpress\/ -->\n<title>Equipa de Consultoria em Turismo e Hotelaria | InovaT Consulting<\/title>\n<meta name=\"description\" content=\"A InovaT Consulting \u00e9 especializada em consultoria em turismo e hotelaria e est\u00e1 preparada para impulsionar o sucesso do teu neg\u00f3cio.\" \/>\n<meta name=\"robots\" content=\"index, follow, max-snippet:-1, max-image-preview:large, max-video-preview:-1\" \/>\n<link rel=\"canonical\" href=\"https:\/\/inovat-consulting.com\/pt\/2045-2\/\" \/>\n<meta property=\"og:locale\" content=\"pt_PT\" \/>\n<meta property=\"og:type\" content=\"article\" \/>\n<meta property=\"og:title\" content=\"Equipa de Consultoria em Turismo e Hotelaria | InovaT Consulting\" \/>\n<meta property=\"og:description\" content=\"A InovaT Consulting \u00e9 especializada em consultoria em turismo e hotelaria e est\u00e1 preparada para impulsionar o sucesso do teu neg\u00f3cio.\" \/>\n<meta property=\"og:url\" content=\"https:\/\/inovat-consulting.com\/pt\/2045-2\/\" \/>\n<meta property=\"og:site_name\" content=\"inovaT Consulting\" \/>\n<meta property=\"article:modified_time\" content=\"2024-05-16T10:34:59+00:00\" \/>\n<meta property=\"og:image\" content=\"https:\/\/inovat-consulting.com\/wp-content\/uploads\/2023\/11\/Equipa-2.jpg\" \/>\n<meta name=\"twitter:card\" content=\"summary_large_image\" \/>\n<meta name=\"twitter:label1\" content=\"Tempo estimado de leitura\" \/>\n\t<meta name=\"twitter:data1\" content=\"1 minuto\" \/>\n<script type=\"application\/ld+json\" class=\"yoast-schema-graph\">{\"@context\":\"https:\\\/\\\/schema.org\",\"@graph\":[{\"@type\":\"WebPage\",\"@id\":\"https:\\\/\\\/inovat-consulting.com\\\/pt\\\/2045-2\\\/\",\"url\":\"https:\\\/\\\/inovat-consulting.com\\\/pt\\\/2045-2\\\/\",\"name\":\"Equipa de Consultoria em Turismo e Hotelaria | InovaT Consulting\",\"isPartOf\":{\"@id\":\"https:\\\/\\\/inovat-consulting.com\\\/pt\\\/#website\"},\"primaryImageOfPage\":{\"@id\":\"https:\\\/\\\/inovat-consulting.com\\\/pt\\\/2045-2\\\/#primaryimage\"},\"image\":{\"@id\":\"https:\\\/\\\/inovat-consulting.com\\\/pt\\\/2045-2\\\/#primaryimage\"},\"thumbnailUrl\":\"https:\\\/\\\/inovat-consulting.com\\\/wp-content\\\/uploads\\\/2023\\\/11\\\/Equipa-2.jpg\",\"datePublished\":\"2023-11-21T21:28:18+00:00\",\"dateModified\":\"2024-05-16T10:34:59+00:00\",\"description\":\"A InovaT Consulting \u00e9 especializada em consultoria em turismo e hotelaria e est\u00e1 preparada para impulsionar o sucesso do teu neg\u00f3cio.\",\"breadcrumb\":{\"@id\":\"https:\\\/\\\/inovat-consulting.com\\\/pt\\\/2045-2\\\/#breadcrumb\"},\"inLanguage\":\"pt-PT\",\"potentialAction\":[{\"@type\":\"ReadAction\",\"target\":[\"https:\\\/\\\/inovat-consulting.com\\\/pt\\\/2045-2\\\/\"]}]},{\"@type\":\"ImageObject\",\"inLanguage\":\"pt-PT\",\"@id\":\"https:\\\/\\\/inovat-consulting.com\\\/pt\\\/2045-2\\\/#primaryimage\",\"url\":\"https:\\\/\\\/inovat-consulting.com\\\/wp-content\\\/uploads\\\/2023\\\/11\\\/Equipa-2.jpg\",\"contentUrl\":\"https:\\\/\\\/inovat-consulting.com\\\/wp-content\\\/uploads\\\/2023\\\/11\\\/Equipa-2.jpg\"},{\"@type\":\"BreadcrumbList\",\"@id\":\"https:\\\/\\\/inovat-consulting.com\\\/pt\\\/2045-2\\\/#breadcrumb\",\"itemListElement\":[{\"@type\":\"ListItem\",\"position\":1,\"name\":\"Home\",\"item\":\"https:\\\/\\\/inovat-consulting.com\\\/pt\\\/\"},{\"@type\":\"ListItem\",\"position\":2,\"name\":\"Team\"}]},{\"@type\":\"WebSite\",\"@id\":\"https:\\\/\\\/inovat-consulting.com\\\/pt\\\/#website\",\"url\":\"https:\\\/\\\/inovat-consulting.com\\\/pt\\\/\",\"name\":\"inovaT Consulting\",\"description\":\"Consulting company for hotels and tourism sector PME&#039;s\",\"publisher\":{\"@id\":\"https:\\\/\\\/inovat-consulting.com\\\/pt\\\/#organization\"},\"potentialAction\":[{\"@type\":\"SearchAction\",\"target\":{\"@type\":\"EntryPoint\",\"urlTemplate\":\"https:\\\/\\\/inovat-consulting.com\\\/pt\\\/?s={search_term_string}\"},\"query-input\":{\"@type\":\"PropertyValueSpecification\",\"valueRequired\":true,\"valueName\":\"search_term_string\"}}],\"inLanguage\":\"pt-PT\"},{\"@type\":\"Organization\",\"@id\":\"https:\\\/\\\/inovat-consulting.com\\\/pt\\\/#organization\",\"name\":\"inovaT Consulting\",\"url\":\"https:\\\/\\\/inovat-consulting.com\\\/pt\\\/\",\"logo\":{\"@type\":\"ImageObject\",\"inLanguage\":\"pt-PT\",\"@id\":\"https:\\\/\\\/inovat-consulting.com\\\/pt\\\/#\\\/schema\\\/logo\\\/image\\\/\",\"url\":\"https:\\\/\\\/i0.wp.com\\\/inovat-consulting.com\\\/wp-content\\\/uploads\\\/2023\\\/11\\\/Imagem2.1.png?fit=271%2C125&ssl=1\",\"contentUrl\":\"https:\\\/\\\/i0.wp.com\\\/inovat-consulting.com\\\/wp-content\\\/uploads\\\/2023\\\/11\\\/Imagem2.1.png?fit=271%2C125&ssl=1\",\"width\":271,\"height\":125,\"caption\":\"inovaT Consulting\"},\"image\":{\"@id\":\"https:\\\/\\\/inovat-consulting.com\\\/pt\\\/#\\\/schema\\\/logo\\\/image\\\/\"}}]}<\/script>\n<!-- \/ Yoast SEO plugin. -->","yoast_head_json":{"title":"Equipa de Consultoria em Turismo e Hotelaria | InovaT Consulting","description":"A InovaT Consulting \u00e9 especializada em consultoria em turismo e hotelaria e est\u00e1 preparada para impulsionar o sucesso do teu neg\u00f3cio.","robots":{"index":"index","follow":"follow","max-snippet":"max-snippet:-1","max-image-preview":"max-image-preview:large","max-video-preview":"max-video-preview:-1"},"canonical":"https:\/\/inovat-consulting.com\/pt\/2045-2\/","og_locale":"pt_PT","og_type":"article","og_title":"Equipa de Consultoria em Turismo e Hotelaria | InovaT Consulting","og_description":"A InovaT Consulting \u00e9 especializada em consultoria em turismo e hotelaria e est\u00e1 preparada para impulsionar o sucesso do teu neg\u00f3cio.","og_url":"https:\/\/inovat-consulting.com\/pt\/2045-2\/","og_site_name":"inovaT Consulting","article_modified_time":"2024-05-16T10:34:59+00:00","og_image":[{"url":"https:\/\/inovat-consulting.com\/wp-content\/uploads\/2023\/11\/Equipa-2.jpg","type":"","width":"","height":""}],"twitter_card":"summary_large_image","twitter_misc":{"Tempo estimado de leitura":"1 minuto"},"schema":{"@context":"https:\/\/schema.org","@graph":[{"@type":"WebPage","@id":"https:\/\/inovat-consulting.com\/pt\/2045-2\/","url":"https:\/\/inovat-consulting.com\/pt\/2045-2\/","name":"Equipa de Consultoria em Turismo e Hotelaria | InovaT Consulting","isPartOf":{"@id":"https:\/\/inovat-consulting.com\/pt\/#website"},"primaryImageOfPage":{"@id":"https:\/\/inovat-consulting.com\/pt\/2045-2\/#primaryimage"},"image":{"@id":"https:\/\/inovat-consulting.com\/pt\/2045-2\/#primaryimage"},"thumbnailUrl":"https:\/\/inovat-consulting.com\/wp-content\/uploads\/2023\/11\/Equipa-2.jpg","datePublished":"2023-11-21T21:28:18+00:00","dateModified":"2024-05-16T10:34:59+00:00","description":"A InovaT Consulting \u00e9 especializada em consultoria em turismo e hotelaria e est\u00e1 preparada para impulsionar o sucesso do teu neg\u00f3cio.","breadcrumb":{"@id":"https:\/\/inovat-consulting.com\/pt\/2045-2\/#breadcrumb"},"inLanguage":"pt-PT","potentialAction":[{"@type":"ReadAction","target":["https:\/\/inovat-consulting.com\/pt\/2045-2\/"]}]},{"@type":"ImageObject","inLanguage":"pt-PT","@id":"https:\/\/inovat-consulting.com\/pt\/2045-2\/#primaryimage","url":"https:\/\/inovat-consulting.com\/wp-content\/uploads\/2023\/11\/Equipa-2.jpg","contentUrl":"https:\/\/inovat-consulting.com\/wp-content\/uploads\/2023\/11\/Equipa-2.jpg"},{"@type":"BreadcrumbList","@id":"https:\/\/inovat-consulting.com\/pt\/2045-2\/#breadcrumb","itemListElement":[{"@type":"ListItem","position":1,"name":"Home","item":"https:\/\/inovat-consulting.com\/pt\/"},{"@type":"ListItem","position":2,"name":"Team"}]},{"@type":"WebSite","@id":"https:\/\/inovat-consulting.com\/pt\/#website","url":"https:\/\/inovat-consulting.com\/pt\/","name":"inovaT Consulting","description":"Consulting company for hotels and tourism sector PME&#039;s","publisher":{"@id":"https:\/\/inovat-consulting.com\/pt\/#organization"},"potentialAction":[{"@type":"SearchAction","target":{"@type":"EntryPoint","urlTemplate":"https:\/\/inovat-consulting.com\/pt\/?s={search_term_string}"},"query-input":{"@type":"PropertyValueSpecification","valueRequired":true,"valueName":"search_term_string"}}],"inLanguage":"pt-PT"},{"@type":"Organization","@id":"https:\/\/inovat-consulting.com\/pt\/#organization","name":"inovaT Consulting","url":"https:\/\/inovat-consulting.com\/pt\/","logo":{"@type":"ImageObject","inLanguage":"pt-PT","@id":"https:\/\/inovat-consulting.com\/pt\/#\/schema\/logo\/image\/","url":"https:\/\/i0.wp.com\/inovat-consulting.com\/wp-content\/uploads\/2023\/11\/Imagem2.1.png?fit=271%2C125&ssl=1","contentUrl":"https:\/\/i0.wp.com\/inovat-consulting.com\/wp-content\/uploads\/2023\/11\/Imagem2.1.png?fit=271%2C125&ssl=1","width":271,"height":125,"caption":"inovaT Consulting"},"image":{"@id":"https:\/\/inovat-consulting.com\/pt\/#\/schema\/logo\/image\/"}}]}},"uagb_featured_image_src":{"full":false,"thumbnail":false,"medium":false,"medium_large":false,"large":false,"1536x1536":false,"2048x2048":false,"trp-custom-language-flag":false},"uagb_author_info":{"display_name":"admin","author_link":"https:\/\/inovat-consulting.com\/pt\/author\/admin\/"},"uagb_comment_info":0,"uagb_excerpt":"TEAM MEET OUR TEAM!\u200b Pedro Gomes CEO &#038; Co-Founder Linkedin Envelope Mariana Lacerda COO &amp; CO-Founder Linkedin Envelope","jetpack_sharing_enabled":true,"_links":{"self":[{"href":"https:\/\/inovat-consulting.com\/pt\/wp-json\/wp\/v2\/pages\/2045","targetHints":{"allow":["GET"]}}],"collection":[{"href":"https:\/\/inovat-consulting.com\/pt\/wp-json\/wp\/v2\/pages"}],"about":[{"href":"https:\/\/inovat-consulting.com\/pt\/wp-json\/wp\/v2\/types\/page"}],"author":[{"embeddable":true,"href":"https:\/\/inovat-consulting.com\/pt\/wp-json\/wp\/v2\/users\/1"}],"replies":[{"embeddable":true,"href":"https:\/\/inovat-consulting.com\/pt\/wp-json\/wp\/v2\/comments?post=2045"}],"version-history":[{"count":8,"href":"https:\/\/inovat-consulting.com\/pt\/wp-json\/wp\/v2\/pages\/2045\/revisions"}],"predecessor-version":[{"id":3099,"href":"https:\/\/inovat-consulting.com\/pt\/wp-json\/wp\/v2\/pages\/2045\/revisions\/3099"}],"wp:attachment":[{"href":"https:\/\/inovat-consulting.com\/pt\/wp-json\/wp\/v2\/media?parent=2045"}],"curies":[{"name":"wp","href":"https:\/\/api.w.org\/{rel}","templated":true}]}}